{"id":44,"date":"2024-02-22T22:33:17","date_gmt":"2024-02-22T21:33:17","guid":{"rendered":"https:\/\/sanierung.michaelis-friedens.de\/michaeliskirche\/?page_id=44"},"modified":"2024-03-03T11:59:39","modified_gmt":"2024-03-03T10:59:39","slug":"archiv-sanierung","status":"publish","type":"page","link":"https:\/\/sanierung.michaelis-friedens.de\/michaeliskirche\/archiv-sanierung\/","title":{"rendered":"Archiv"},"content":{"rendered":"\n<p>An dieser Stelle finden Sie \u00e4ltere Beitr\u00e4ge aus dem Bereich &#8222;Sanierung Michaeliskirche&#8220;:<\/p>\n\n\n\n<h2 class=\"wp-block-heading\">Information zu den geplanten Sanierungsma\u00dfnahmen<\/h2>\n\n\n\n<p>(Stand: 2019)<\/p>\n\n\n\n<h3 class=\"wp-block-heading\">Au\u00dfensanierung (2021 &#8211; 2023)<\/h3>\n\n\n\n<figure class=\"wp-block-gallery aligncenter has-nested-images columns-default is-cropped wp-block-gallery-1 is-layout-flex wp-block-gallery-is-layout-flex\">\n<figure class=\"wp-block-image size-large\"><img decoding=\"async\" data-id=\"7902\" src=\"https:\/\/www.michaelis-friedens.de\/eh7p9u4qn4\/wp-content\/uploads\/2019\/10\/Fassade-Wilms-640x426.jpg\" alt=\"\" class=\"wp-image-7902\"\/><\/figure>\n\n\n\n<figure class=\"wp-block-image size-large\"><img decoding=\"async\" data-id=\"7901\" src=\"https:\/\/www.michaelis-friedens.de\/eh7p9u4qn4\/wp-content\/uploads\/2019\/10\/Fenster-Dose_1200-640x480.jpg\" alt=\"\" class=\"wp-image-7901\"\/><\/figure>\n<\/figure>\n\n\n\n<figure class=\"wp-block-gallery aligncenter has-nested-images columns-default is-cropped wp-block-gallery-2 is-layout-flex wp-block-gallery-is-layout-flex\">\n<figure class=\"wp-block-image size-large\"><img decoding=\"async\" data-id=\"7903\" src=\"https:\/\/www.michaelis-friedens.de\/eh7p9u4qn4\/wp-content\/uploads\/2019\/10\/IMG_6090_1200-640x427.jpg\" alt=\"\" class=\"wp-image-7903\"\/><\/figure>\n\n\n\n<figure class=\"wp-block-image size-large\"><img decoding=\"async\" data-id=\"7904\" src=\"https:\/\/www.michaelis-friedens.de\/eh7p9u4qn4\/wp-content\/uploads\/2019\/10\/MiKi-8-von-58_1200-640x427.jpg\" alt=\"\" class=\"wp-image-7904\"\/><\/figure>\n<\/figure>\n\n\n\n<p><\/p>\n\n\n<p>Im Zuge der Au\u00dfensanierung wurden folgende Ma\u00dfnahmen geplant:<\/p>\n<p><u>Sandsteinfassade<\/u><\/p>\n<p>An den Fassaden der Seitenschiffe sollen die zahlreichen Sch\u00e4digungen und offenen Fugen in der Natursteinfassade beseitigt werden. Zudem sind die Verankerungen der Sandsteinverblendung mit der tragenden Wand zu \u00fcberpr\u00fcfen und die Kupferverblechungen der Fensterb\u00e4nke zu erneuern.<\/p>\n<p><u>Fenster<\/u><\/p>\n<p>Die gro\u00dfen Fenster mit den Bleiverglasungen im Altarraum und in den Emporen sollen ges\u00e4ubert, restauriert und mit einer Schutzverglasung versehen werden. Die Fenster in den Seitenschiffen im Erdgeschoss m\u00fcssen hingegen komplett erneuert und mit Glasscheiben anstelle der im Moment vorhandenen Kunststoffscheiben versehen werden.<\/p>\n<p><u>Dach<\/u><\/p>\n<p>Das Dach soll \u00fcberpr\u00fcft und soweit erforderlich instand gesetzt werden.<\/p>\n\n\n<h3 class=\"wp-block-heading\">Innensanierung (ab 2023)<\/h3>\n\n\n\n<figure class=\"wp-block-gallery aligncenter has-nested-images columns-default is-cropped wp-block-gallery-3 is-layout-flex wp-block-gallery-is-layout-flex\">\n<figure class=\"wp-block-image size-large\"><img decoding=\"async\" data-id=\"38794\" src=\"https:\/\/www.michaelis-friedens.de\/eh7p9u4qn4\/wp-content\/uploads\/2022\/03\/2022-03-Plaung_innen-Kopie-640x371.jpg\" alt=\"\" class=\"wp-image-38794\"\/><\/figure>\n<\/figure>\n\n\n\n<p><\/p>\n\n\n<p>Im Zuge der Innensanierung sind insbesondere folgende Ma\u00dfnahmen (Stand: Juni 2019) geplant:<\/p>\n<p><u>W\u00e4nde und Decken sowie Akustik<\/u><\/p>\n<p>Die W\u00e4nde und Decken sollen malerm\u00e4\u00dfig instand gesetzt werden. Durch das denkmalgerechte Ersetzen der Leinwandbespannungen der Innenw\u00e4nde wird auch die Akustik verbessert.<\/p>\n<p><u>Fu\u00dfb\u00f6den<\/u><\/p>\n<p>Die B\u00f6den in den Seitenschiffen werden abgesenkt, um die Stufe zu entfernen und die Fl\u00e4chen f\u00fcr Rollst\u00fchle befahrbar zu machen. Gleichzeitig ist die Aufarbeitung aller Natursteinb\u00f6den vorgesehen.<\/p>\n<p><u>Elektroinstallation f\u00fcr Beleuchtung und Beschallung<\/u><\/p>\n<p>Die Elektroinstallationen sind zum Gro\u00dfteil \u00e4lter als 40 Jahre und m\u00fcssen komplett erneuert werden. Dabei sollen auch die historischen Leuchten restauriert und erg\u00e4nzt sowie die gro\u00dfe Deckenleuchte im Mittelschiff f\u00fcr eine direkte und indirekte Beleuchtung instand gesetzt werden.<\/p>\n\n\n<figure class=\"wp-block-image is-resized\"><img decoding=\"async\" src=\"https:\/\/www.michaelis-friedens.de\/eh7p9u4qn4\/wp-content\/uploads\/2019\/10\/Deckenlampe.jpg\" alt=\"\" class=\"wp-image-7911\"\/><\/figure>\n\n\n\n<p>Zudem wird eine moderne Mikrofon- und Lautsprecheranlage installiert werden.<\/p>\n\n\n\n<hr class=\"wp-block-separator has-alpha-channel-opacity\"\/>\n\n\n\n<h2 class=\"wp-block-heading\">Aktueller Stand zur Vorbereitung der Sanierungsarbeiten Michaeliskirche<\/h2>\n\n\n\n<p>Geschrieben vom Architekturb\u00fcro Voigt<\/p>\n\n\n\n<p>Leipzig, 05.03.2018<\/p>\n\n\n\n<p>Wir bereiten derzeit die geplanten Sanierungsarbeiten in der Michaeliskirche vor. Ziel ist die Erstellung eines Ma\u00dfnahmenkataloges mit dazugeh\u00f6rigen Kosten, um die notwendigen Mittel f\u00fcr die Sanierung zu kennen und dann auch einwerben zu k\u00f6nnen.<\/p>\n\n\n\n<p>Erster Schritt ist die Erstellung von Pl\u00e4nen, in die bildhaft alle jetzt erkennbaren Problemstellen der Kirche eingetragen werden k\u00f6nnen. Dazu sichteten wir im Archiv des Bauamtes die alten Bestandspl\u00e4ne der Kirche, die unerwartet recht umfangreich vorhanden waren.<\/p>\n\n\n\n<p>Zum Ende letzten Jahres kamen uns Studenten der TU und der HTW Dresden, Fakult\u00e4t Baukonstruktion zu Hilfe. Im Rahmen einer Projektarbeit erstellte einer der Studenten neue Bestandspl\u00e4ne der Kirche, ein Student befasste sich mit der Fassadensanierung (von bisher noch nicht \u00fcberarbeiteten Fassaden), und eine Studentin untersuchte Putzsch\u00e4den innerhalb der Kirche. Wir kennen das Ergebnis noch nicht, aber im April freuen wir uns auf die Vorstellung der Arbeiten. Diese Ergebnisse sind ein Teil verschiedener Recherchen.<\/p>\n\n\n\n<p>Der Bauzustand der Kirche wird weiterhin in Fotos erfasst und notwendige Arbeiten werden zusammen getragen. Einen Grundstock dazu hat Herr Kuhn bereits gelegt und verschiedenes Material gesammelt.<\/p>\n\n\n\n<p>Um nur einige weitere Probleme anzusprechen:<\/p>\n\n\n\n<p>Mit einem Planungsb\u00fcro f\u00fcr Elektrik wird die derzeitige Elektroinstallation der Kirche eingesch\u00e4tzt, um eine Gr\u00f6\u00dfenordnung zu den Kosten zu erhalten, die uns bei der Elektrik erwarten. Ein Teil wird die Grundinstallation sein, weiterhin die Verbesserung der Beleuchtung und Beschallung, au\u00dferdem die Restaurierung der herrlichen Deckenleuchte. Die Anforderungen neuer Techniken sind hier auch zu ber\u00fccksichtigen.<\/p>\n\n\n\n<p>Auf die vorhandenen Wandbekleidungen mit Leinw\u00e4nden wird eingegangen, die mit der Akustik in der Kirche zu tun haben.<\/p>\n\n\n\n<p>Verschiedene Ma\u00dfnahmen an den Fenstern m\u00fcssen erfasst werden, Instandsetzungen sind hier notwendig und teilweise sind neue Verglasungen erforderlich.<\/p>\n\n\n\n<p>Es sind Ma\u00dfnahmen zur weiteren Barrierefreiheit der Kirche zu erfassen, z.B. ein Behinderten \u2013 WC.<\/p>\n\n\n\n<p>Es m\u00fcssen die Leistungen zu restauratorischen Untersuchungen eingesch\u00e4tzt werden, um Kenntnis zu historischen Ausmalungen zu erhalten. Vorabstimmungen mit dem Denkmalschutz m\u00fcssen erfolgen, um deren Schwerpunkte zu kennen.<\/p>\n\n\n\n<p>Die Kirche ist gro\u00df und die Arbeiten sind vielf\u00e4ltig und nicht einfach zu erfassen. Wir hoffen, bis zum Sommer die Grundlagen f\u00fcr die Finanzierung und die weitere Planung geschaffen zu haben.<\/p>\n\n\n\n<p>E. Voigt<\/p>\n\n\n\n<p><br><strong>Einf\u00fchrung Sanierung Michaeliskirche<\/strong><\/p>\n\n\n\n<p>Die Michaeliskirche, geweiht 1904, erfordert an verschiedenen Teilen dringend eine Sanierung. Diese umfasst momentan die Restaurierung und Instandsetzung der zwei Hauptportale sowie von 12 weiteren Au\u00dfent\u00fcren, die Erg\u00e4nzung fehlender Schmiedearbeiten und die Wiederherstellung der historischen Farbigkeit nach denkmalpflegerischen Auflagen. Durch den Einsatz spezieller Verglasungen wird die Einbruchsicherheit erh\u00f6ht. Aufgrund der au\u00dferordenlichen Wichtigkeit unterst\u00fctzt die Stadt Leipzig, Amt f\u00fcr Bauordnung und Denkmalpflege, diese Ma\u00dfnahme.<br>Diese Arbeiten konnten inzwischen abgeschlossen werden.<\/p>\n\n\n\n<p>Der Kirchenvorstand hat in seiner Sitzung vom 04.02.2017 beschlossen, dass die&nbsp;<strong>Sanierung<\/strong>&nbsp;der <strong>Michaeliskirche<\/strong>&nbsp;<strong>das<\/strong>&nbsp;n\u00e4chste gro\u00dfe Projekt sein muss. Hintergrund des Beschlusses ist die Sanierungsbed\u00fcrftigkeit des Kirchgeb\u00e4udes, die m\u00f6glicherweise nicht unbedingt auf den ersten Blick ins Auge f\u00e4llt. Allerdings liegen die letzten gr\u00f6\u00dferen Renovierungsarbeiten im Kirchenschiff ca. 40 Jahre zur\u00fcck. Die Substanz leidet unter eindringender Feuchtigkeit, erheblicher Rissbildung und veralteten Elektroanlagen.&nbsp;Die Sanierung der Michaeliskirche wird ein Gro\u00dfprojekt mit erheblichen Aufwand und Anstrengungen werden. F\u00fcr die intensive Begleitung hat der Kirchenvorstand eine Arbeitsgruppe eingesetzt, die sich nun mit folgendem Anliegen an Sie und alle anderen Mitglieder der Kirchgemeinde wendet:<\/p>\n\n\n\n<p><strong>Wir brauchen Ihre Hilfe! Denn ohne viele Unterst\u00fctzer wird die Sanierung nicht gelingen.<\/strong><\/p>\n\n\n\n<p>Trotz Einsatz von Drittmitteln wird es erforderlich sein, dass die Kirchgemeinde selbst einen h\u00f6heren 6-stelligen Betrag f\u00fcr die Sanierung aufbringt. Hierf\u00fcr ben\u00f6tigen wir eine m\u00f6glichst breite Unterst\u00fctzung aus der Gemeinde. Dabei sind uns Einzelspenden genauso willkommen wie die Bereitschaft, regelm\u00e4\u00dfig mit kleineren Betr\u00e4gen gemeinsam mit uns f\u00fcr die Sanierung der Michaeliskirche anzusparen. Wie w\u00e4re es z.B., wenn m\u00f6glichst viele Mitglieder der Gemeinde \u00fcber einen mittelfristigen Zeitraum (z.B. f\u00fcnf Jahre) monatlich 5,00 Euro dazugeben?<br>Haben Sie Lust bekommen mitzumachen? Dann fangen Sie doch gleich an und tragen Sie unser Anliegen in die verschiedenen kirchlichen Gruppierungen und dar\u00fcber hinaus. Falls Sie einmalig oder regelm\u00e4\u00dfig spenden wollen, haben wir ein entsprechendes Formular vorbereitet mit der Bitte um R\u00fcckgabe \u00fcber das Gemeindeb\u00fcro.<\/p>\n\n\n\n<figure class=\"wp-block-image\"><img decoding=\"async\" src=\"https:\/\/www.michaelis-friedens.de\/eh7p9u4qn4\/wp-content\/uploads\/2017\/02\/Scha%CC%88den.png\" alt=\"\"\/><\/figure>\n\n\n\n<figure class=\"wp-block-image\"><img decoding=\"async\" src=\"https:\/\/www.michaelis-friedens.de\/eh7p9u4qn4\/wp-content\/uploads\/2017\/02\/Alte-Kostbarkeiten.png\" alt=\"\"\/><\/figure>\n\n\n\n<hr class=\"wp-block-separator has-css-opacity\"\/>\n\n\n\n<p><\/p>\n\n\n\n<h2 class=\"wp-block-heading\">Aus dem F\u00f6rderverein Michaelis-Kirche e.V.<\/h2>\n\n\n\n<h2 class=\"wp-block-heading\">Heizen ohne Klimasch\u00e4den<\/h2>\n\n\n\n<p>Michaeliskirche Leipzig bekommt Biomasseheizung<\/p>\n\n\n\n<p>Die Michaeliskirche Leipzig wird schon in diesem Winter mit einer Holzpelletheizung ausger\u00fcstet sein. Nach einer langen Kampagne ist es gelungen, die n\u00f6tige Unterst\u00fctzung f\u00fcr dieses Vorhaben zu gewinnen. Die Michaeliskirche wird das erste bedeutende \u00f6ffentliche Bauwerk in der Stadt Leipzig mit einer Heizung auf der Basis erneuerbarer Energien sein.<\/p>\n\n\n\n<p>Die Gemeinde ben\u00f6tigt die Kirche f\u00fcr die meist gut besuchten Gottesdienste auch in der Heizperiode. Dar\u00fcberhinaus finden in der Michaeliskirche viele Veranstaltungen statt. Durch den Kindergarten, Jugend- und Sozialarbeit ist die Kirche immer in Benutzung. All diese Nutzungen soll die neue Heizung unterst\u00fctzen.<\/p>\n\n\n\n<p>Der Kirchenvorstand wollte in seiner Entscheidung von Anfang an den Auftrag zur Bewahrung der Sch\u00f6pfung mit ber\u00fccksichtigen. Das f\u00fchrte zur Entscheidung f\u00fcr eine Holzpelletsheizung, welche die Vorteile einer modernen, umweltfreundlichen Beheizungsvariante mit g\u00fcnstigen W\u00e4rmekosten vereint. Bei der langfristigen Gegen\u00fcberstellung der Gesamtkosten ist diese Heizvariante wirtschaftlicher als andere Energietr\u00e4ger.<\/p>\n\n\n\n<p>Die hohen Investitionskosten konnten mit der Unterst\u00fctzung vieler Spenderinnen und Spender auch Dank der Aufnahme des Vorhabens in den \u201eBiomasseverbund Sachsen\u201c bew\u00e4ltigt werden. Dadurch wurde eine F\u00f6rderung aus EU-Mitteln m\u00f6glich. Die Entscheidung f\u00fcr eine CO2-neutrale Holzpelletsheizung soll eine \u00f6ffentliche Signalwirkung ausl\u00f6sen und das Bewusstsein f\u00fcr den Einsatz neuer Technologien auf der Grundlage erneuerbarer Energie bef\u00f6rdern. Die Kirchgemeinde will mit diesem Projekt zeigen, dass Klimaschutz nicht allein eine Frage der Worte ist, sondern dass auch beispielgebende Taten m\u00f6glich sind.<\/p>\n\n\n\n<p>Wichtig ist auch, dass die Holzpelletheizung nur gef\u00f6rdert wird, weil sie eine sehr gute Abgasreinheit gew\u00e4hrleistet. \u201eDie Feinstaubemissionen von Pelletheizungen sind um den Faktor 10 bis 100 geringer als bei herk\u00f6mmlichen Holzheizungen. Die Werte bewegen sich zwischen 5 und 20 mg\/Nm\u00b3 und entsprechen damit denen von bestehenden \u00d6lheizungen.\u201c, so eine Pressemitteilung der \u201eFachagentur Nachwachsende Rohstoffe e.V.\u201c vom 25.01.2007. Zus\u00e4tzlich wird die Anlage in der Michaeliskirche mit einem Abgasw\u00e4rmetauscher versehen sein, der Feinstaub weiter minimiert.<\/p>\n\n\n\n<p>Die Ev.-Luth. Michaeliskirche Leipzig, erbaut in den Jahren 1902-1904, ist neben den Hauptkirchen Thomaskirche und Nikolaikirche im Zentrum eine der gro\u00dfen Citynahen Kirchen mit \u00fcberregionaler Ausstrahlung. Die Kirche, ein Zentralbau mit S\u00fcdturm, ist an dem st\u00e4dtebaulich wichtigen Nordplatz f\u00fcr 1000 Sitzpl\u00e4tze erbaut worden. Sie ist heute Gottesdienstst\u00e4tte der Michaelis-Friedens-Kirchgemeinde und Veranstaltungsort f\u00fcr eine Vielzahl musikalischer und kultureller Veranstaltungen.<\/p>\n\n\n\n<p>Die Kirche war urspr\u00fcnglich mit einer Kohlen-Kesselheizung im Keller ausgestattet. In den 30er Jahren des 20. Jahrhunderts wurde sie an das Dampfnetz der st\u00e4dtischen Werke angeschlossen. Durch Umstellung der Fernw\u00e4rme von Dampf auf Warmwasser war die vorhandene Heizung seit 1997 nicht mehr nutzbar.<\/p>\n\n\n\n<p>Nach eingehender Diskussion und mit Unterst\u00fctzung des F\u00f6rdervereins der Michaeliskirche e.V. wurde die Entscheidung f\u00fcr die Holzpelletheizung schon 2001 gef\u00e4llt. Das war zu einer Zeit, als viele Menschen den Fragen des Klimaschutzes keine Bedeutung beimessen wollten. Allerdings hat sich das Bewusstsein in diesem Punkt bis zur jetzt bevorstehenden Fertigstellung an vielen Orten deutlich gewandelt.<\/p>\n\n\n\n<hr class=\"wp-block-separator has-alpha-channel-opacity\"\/>\n\n\n\n<h2 class=\"wp-block-heading\">Neues vom F\u00f6rderverein Michaelis-Kirche e.V.<\/h2>\n\n\n\n<p>10\/11-2004<\/p>\n\n\n\n<p>Wir bedanken uns ganz herzlich bei allen, die in den vergangenen Wochen und Monaten mit ihren Kollekten und Spenden dazu beigetragen haben, dass das Projekt der Erneuerung unserer Kirchenheizung weiter vorankommt. Gerade in den Debatten um den \u00d6lpreis in den vergangenen Wochen und in den besorgten Stimmen \u00fcber Klimawandel und die Notwendigkeit alternativer Energien sp\u00fcren wir die Wichtigkeit unseres Anliegens einer klimaneutralen Biomasseheizung. Aber der gute Gedanke hat auch eine \u00f6konomische Basis, und die muss auch stimmen. Daran werden wir flei\u00dfig weiterarbeiten, um so schnell wie m\u00f6glich zur Realisierung zu kommen.<\/p>\n\n\n\n<p>Wir danken besonders herzlich f\u00fcr eine Einzelspende in H\u00f6he von 1000,\u2013 \u20ac, die uns erreicht hat.<\/p>\n\n\n\n<p>Wir danken auch allen ganz herzlich, die sich bisher schon an der 75-\u20ac-Aktion f\u00fcr die neue Heizung in der Michaeliskirche beteiligt haben.<\/p>\n\n\n\n<hr class=\"wp-block-separator has-alpha-channel-opacity\"\/>\n\n\n\n<h2 class=\"wp-block-heading\">Neues vom F\u00f6rderverein Michaelis-Kirche e.V.<\/h2>\n\n\n\n<p>08\/09-2004<\/p>\n\n\n\n<p>Gerade rechtzeitig zum Jubil\u00e4um der Michaeliskirche konnten der weitere Ausbau des Kirchkellers und die Renovierung der beiden Emporenaufg\u00e4nge in der Kirche abgeschlossen werden. M\u00f6glich wurde die Ma\u00dfnahme mit der Unterst\u00fctzung der Agentur f\u00fcr Arbeit Leipzig und des S\u00e4chsischen Staatsministeriums f\u00fcr Wirtschaft und Arbeit in Dresden. 4-5 junge Menschen kamen auf diese Weise f\u00fcr (leider nur) ein halbes Jahr in (ABM-) Lohn und Brot. Das ist auch ein Verdienst der bekannten Leipziger Gesellschaft LESG &#8211; Herrn Jeske und Herrn Eisermann m\u00f6chte ich als unsere Ansprechpartner nennen &#8211; und der Dresdner DSA &#8211; ich nenne stellvertretend Herrn Hirsch &#8211; die uns bei der Organisation entscheidend behilflich waren. Frau Voigt betreute die Bauma\u00dfnahmen sorgf\u00e4ltig und kontinuierlich. Besonders soll aber noch die Leipziger Firma DPS (Denkmalpflege, Putz und Stuck) erw\u00e4hnt werden, die umsichtige Anleitung der ABM-Mitarbeiter durch Herrn Storch und die entgegenkommende Organisation der Abl\u00e4ufe durch Herrn Vieweger. Viele H\u00e4nde und K\u00f6pfe waren beteiligt, damit der Kirchkeller nun \u00fcber einen zweiten Zugang verf\u00fcgt, dass f\u00fcr die Fortf\u00fchrung der Arbeit im Teekeller und in der Jugendarbeit die Raumsituation verbessert wurde und dass wichtige Voraussetzungen f\u00fcr den Einbau der neuen Heizung geschaffen werden konnten. Die Arbeit im Kirchkeller kann nach den Unannehmlichkeiten in der Zeit des Umbaus unter verbesserten Bedingungen weitergehen. Wer einen Blick in die Festschrift &#8222;Unter dem Schatten deiner Fl\u00fcgel&#8220; wirft, wird auf vielen Seiten feststellen, welche gro\u00dfe Bedeutung der Kirchkeller in den vergangenen vierzig Jahren f\u00fcr die Gemeinde und ihre G\u00e4ste gehabt hat.<\/p>\n\n\n\n<p>An dieser Stelle schon einmal allen herzlichen Dank, die sich an der 75-\u20ac-Aktion f\u00fcr die neue Heizung in der Michaeliskirche beteiligt haben.<\/p>\n\n\n\n<p><\/p>\n","protected":false},"excerpt":{"rendered":"<p>An dieser Stelle finden Sie \u00e4ltere Beitr\u00e4ge aus dem Bereich &#8222;Sanierung Michaeliskirche&#8220;: Information zu den geplanten Sanierungsma\u00dfnahmen (Stand: 2019) Au\u00dfensanierung (2021 &#8211; 2023) Im Zuge der Au\u00dfensanierung wurden folgende Ma\u00dfnahmen geplant: Sandsteinfassade An den Fassaden <a class=\"more-link\" href=\"https:\/\/sanierung.michaelis-friedens.de\/michaeliskirche\/archiv-sanierung\/\">Weiterlesen\u00a0\u2026<\/a><\/p>\n","protected":false},"author":2,"featured_media":0,"parent":0,"menu_order":0,"comment_status":"closed","ping_status":"closed","template":"","meta":{"footnotes":""},"class_list":["post-44","page","type-page","status-publish","hentry"],"_links":{"self":[{"href":"https:\/\/sanierung.michaelis-friedens.de\/michaeliskirche\/wp-json\/wp\/v2\/pages\/44","targetHints":{"allow":["GET"]}}],"collection":[{"href":"https:\/\/sanierung.michaelis-friedens.de\/michaeliskirche\/wp-json\/wp\/v2\/pages"}],"about":[{"href":"https:\/\/sanierung.michaelis-friedens.de\/michaeliskirche\/wp-json\/wp\/v2\/types\/page"}],"author":[{"embeddable":true,"href":"https:\/\/sanierung.michaelis-friedens.de\/michaeliskirche\/wp-json\/wp\/v2\/users\/2"}],"replies":[{"embeddable":true,"href":"https:\/\/sanierung.michaelis-friedens.de\/michaeliskirche\/wp-json\/wp\/v2\/comments?post=44"}],"version-history":[{"count":11,"href":"https:\/\/sanierung.michaelis-friedens.de\/michaeliskirche\/wp-json\/wp\/v2\/pages\/44\/revisions"}],"predecessor-version":[{"id":202,"href":"https:\/\/sanierung.michaelis-friedens.de\/michaeliskirche\/wp-json\/wp\/v2\/pages\/44\/revisions\/202"}],"wp:attachment":[{"href":"https:\/\/sanierung.michaelis-friedens.de\/michaeliskirche\/wp-json\/wp\/v2\/media?parent=44"}],"curies":[{"name":"wp","href":"https:\/\/api.w.org\/{rel}","templated":true}]}}