{"id":42,"date":"2024-02-22T22:33:04","date_gmt":"2024-02-22T21:33:04","guid":{"rendered":"https:\/\/sanierung.michaelis-friedens.de\/michaeliskirche\/?page_id=42"},"modified":"2024-02-24T21:04:25","modified_gmt":"2024-02-24T20:04:25","slug":"arbeitsgruppe-sanierung-der-michaeliskirche","status":"publish","type":"page","link":"https:\/\/sanierung.michaelis-friedens.de\/michaeliskirche\/arbeitsgruppe-sanierung-der-michaeliskirche\/","title":{"rendered":"Arbeitsgruppe &#8222;Sanierung der Michaeliskirche&#8220;"},"content":{"rendered":"\n<p>F\u00fcr die Unterst\u00fctzung des Bauausschusses der Gemeinde hat sich eine Arbeitsgruppe \u201eSanierung der Michaeliskirche\u201c gebildet. Sie besteht aus Mitgliedern des Kirchenvorstandes und engagierten Gemeindemitgliedern, denen die Sanierung der Kirche ein wichtiges Anliegen ist. Die Gruppe unterst\u00fctzt den Bauausschuss bei allen Themen der Sanierung, beispielsweise bei Fragen zu den Sanierungsarbeiten, zum Denkmalschutz und zu Nutzungsanforderungen. Gleichzeitig betreibt die Arbeitsgruppe \u00d6ffentlichkeitsarbeit und wirbt Spenden ein.<\/p>\n\n\n\n<p>Wir freuen uns, wenn auch Ihnen die Sanierung der Michaeliskirche ein wichtiges Anliegen ist und Sie die Arbeitsgruppe durch Ihre Mitarbeit unterst\u00fctzen m\u00f6chten. Sie erreichen uns \u00fcber das Gemeindeb\u00fcro oder per E-Mail unter <a href=\"mailto:michaelissanierung@mail.de\">michaelissanierung@mail.de<\/a>. <\/p>\n\n\n\n<figure class=\"wp-block-image size-large\"><img loading=\"lazy\" decoding=\"async\" width=\"1024\" height=\"699\" src=\"https:\/\/sanierung.michaelis-friedens.de\/michaeliskirche\/wp-content\/uploads\/2024\/02\/Gruppenbild-1024x699.jpg\" alt=\"\" class=\"wp-image-68\" srcset=\"https:\/\/sanierung.michaelis-friedens.de\/michaeliskirche\/wp-content\/uploads\/2024\/02\/Gruppenbild-1024x699.jpg 1024w, https:\/\/sanierung.michaelis-friedens.de\/michaeliskirche\/wp-content\/uploads\/2024\/02\/Gruppenbild-300x205.jpg 300w, https:\/\/sanierung.michaelis-friedens.de\/michaeliskirche\/wp-content\/uploads\/2024\/02\/Gruppenbild-768x524.jpg 768w, https:\/\/sanierung.michaelis-friedens.de\/michaeliskirche\/wp-content\/uploads\/2024\/02\/Gruppenbild-1536x1048.jpg 1536w, https:\/\/sanierung.michaelis-friedens.de\/michaeliskirche\/wp-content\/uploads\/2024\/02\/Gruppenbild-2048x1397.jpg 2048w\" sizes=\"auto, (max-width: 1024px) 100vw, 1024px\" \/><figcaption class=\"wp-element-caption\">Arbeitsgruppe\n&#8222;Sanierung der Michaeliskirche&#8220;:\nUlrike Gehre, Sebastian Kuhn,\nChristian Dose,\nChristiane Findel,\nLutz Prager, J\u00f6rg Reimann (v. l.)<\/figcaption><\/figure>\n","protected":false},"excerpt":{"rendered":"<p>F\u00fcr die Unterst\u00fctzung des Bauausschusses der Gemeinde hat sich eine Arbeitsgruppe \u201eSanierung der Michaeliskirche\u201c gebildet. Sie besteht aus Mitgliedern des Kirchenvorstandes und engagierten Gemeindemitgliedern, denen die Sanierung der Kirche ein wichtiges Anliegen ist. Die Gruppe <a class=\"more-link\" href=\"https:\/\/sanierung.michaelis-friedens.de\/michaeliskirche\/arbeitsgruppe-sanierung-der-michaeliskirche\/\">Weiterlesen\u00a0\u2026<\/a><\/p>\n","protected":false},"author":2,"featured_media":0,"parent":0,"menu_order":0,"comment_status":"closed","ping_status":"closed","template":"","meta":{"footnotes":""},"class_list":["post-42","page","type-page","status-publish","hentry"],"_links":{"self":[{"href":"https:\/\/sanierung.michaelis-friedens.de\/michaeliskirche\/wp-json\/wp\/v2\/pages\/42","targetHints":{"allow":["GET"]}}],"collection":[{"href":"https:\/\/sanierung.michaelis-friedens.de\/michaeliskirche\/wp-json\/wp\/v2\/pages"}],"about":[{"href":"https:\/\/sanierung.michaelis-friedens.de\/michaeliskirche\/wp-json\/wp\/v2\/types\/page"}],"author":[{"embeddable":true,"href":"https:\/\/sanierung.michaelis-friedens.de\/michaeliskirche\/wp-json\/wp\/v2\/users\/2"}],"replies":[{"embeddable":true,"href":"https:\/\/sanierung.michaelis-friedens.de\/michaeliskirche\/wp-json\/wp\/v2\/comments?post=42"}],"version-history":[{"count":3,"href":"https:\/\/sanierung.michaelis-friedens.de\/michaeliskirche\/wp-json\/wp\/v2\/pages\/42\/revisions"}],"predecessor-version":[{"id":94,"href":"https:\/\/sanierung.michaelis-friedens.de\/michaeliskirche\/wp-json\/wp\/v2\/pages\/42\/revisions\/94"}],"wp:attachment":[{"href":"https:\/\/sanierung.michaelis-friedens.de\/michaeliskirche\/wp-json\/wp\/v2\/media?parent=42"}],"curies":[{"name":"wp","href":"https:\/\/api.w.org\/{rel}","templated":true}]}}