{"id":40,"date":"2024-02-22T22:32:34","date_gmt":"2024-02-22T21:32:34","guid":{"rendered":"https:\/\/sanierung.michaelis-friedens.de\/michaeliskirche\/?page_id=40"},"modified":"2025-10-25T20:34:19","modified_gmt":"2025-10-25T18:34:19","slug":"gohliser-adventskalender","status":"publish","type":"page","link":"https:\/\/sanierung.michaelis-friedens.de\/michaeliskirche\/gohliser-adventskalender\/","title":{"rendered":"Gohliser Adventskalender"},"content":{"rendered":"\n<div class=\"wp-block-media-text is-stacked-on-mobile\"><figure class=\"wp-block-media-text__media\"><img loading=\"lazy\" decoding=\"async\" width=\"1024\" height=\"718\" src=\"https:\/\/sanierung.michaelis-friedens.de\/michaeliskirche\/wp-content\/uploads\/2025\/09\/AdvKal.-MiKi-Deckblatt1-1024x718.jpg\" alt=\"\" class=\"wp-image-496 size-full\" srcset=\"https:\/\/sanierung.michaelis-friedens.de\/michaeliskirche\/wp-content\/uploads\/2025\/09\/AdvKal.-MiKi-Deckblatt1-1024x718.jpg 1024w, https:\/\/sanierung.michaelis-friedens.de\/michaeliskirche\/wp-content\/uploads\/2025\/09\/AdvKal.-MiKi-Deckblatt1-300x210.jpg 300w, https:\/\/sanierung.michaelis-friedens.de\/michaeliskirche\/wp-content\/uploads\/2025\/09\/AdvKal.-MiKi-Deckblatt1-768x538.jpg 768w, https:\/\/sanierung.michaelis-friedens.de\/michaeliskirche\/wp-content\/uploads\/2025\/09\/AdvKal.-MiKi-Deckblatt1-1536x1077.jpg 1536w, https:\/\/sanierung.michaelis-friedens.de\/michaeliskirche\/wp-content\/uploads\/2025\/09\/AdvKal.-MiKi-Deckblatt1.jpg 1989w\" sizes=\"auto, (max-width: 1024px) 100vw, 1024px\" \/><\/figure><div class=\"wp-block-media-text__content\">\n<p>Der Gohliser Adventskalender ist eine Aktion des <a href=\"https:\/\/www.michaeliskirche.info\/\">F\u00f6rdervereins Michaelis-Kirche e.V.<\/a> Als kleines Dankesch\u00f6n f\u00fcr Spenden ab 10 \u20ac zugunsten der Sanierung der Michaeliskirche wird dieser Adventskalender verschenkt. Die Aktion findet in den Wochen vor dem 1. Dezember nach Gemeindeveranstaltungen statt. Zudem unterst\u00fctzen folgende Gohliser Gesch\u00e4fte und Vereine diese Spendenaktion und werben ebenfalls um Spenden:<\/p>\n<\/div><\/div>\n\n\n\n<ul class=\"wp-block-list\">\n<li>BioLebensmittel (Gohliser Stra\u00dfe 40)<\/li>\n\n\n\n<li>Blumenhaus floristeria (Coppistra\u00dfe 57)<\/li>\n\n\n\n<li>Caf\u00e9 Fr\u00e4ulein Miramunkel (Stockstra\u00dfe 2)<\/li>\n\n\n\n<li>Delphin-Apotheke (L\u00fctzowstra\u00dfe 44)<\/li>\n\n\n\n<li>Kern &amp; Stein Manufaktur f\u00fcr Feinkost (Coppistra\u00dfe 81)<\/li>\n\n\n\n<li>kids2.wear &#8211; A &amp; V f\u00fcr Kinder (Prellerstra\u00dfe 32)<\/li>\n\n\n\n<li>Kreativit\u00e4tswerkstatt Leipzig e. V. (L\u00fctzowstra\u00dfe 19, Gartenhaus)<\/li>\n\n\n\n<li>La Vie du Sud &#8211; \u00c9picerie et Bistro (Gohliser Stra\u00dfe 16)<\/li>\n\n\n\n<li>Lenes Regionalmarkt &amp; Caf\u00e9 (Michael-Kazmierczak-Sta\u00dfe 33)<\/li>\n\n\n\n<li>Lux-Apotheke (Gohliser Stra\u00dfe 24)<\/li>\n\n\n\n<li>Naturdrogerie Sturm (Gohliser Stra\u00dfe 35\/37)<\/li>\n\n\n\n<li>Salumeria (Prellerstra\u00dfe 54 a)<\/li>\n\n\n\n<li>Textilst\u00fcbchen Susanne Franke (Lindenthaler Stra\u00dfe 42)&nbsp;&nbsp;&nbsp;&nbsp;&nbsp;&nbsp;&nbsp;&nbsp;&nbsp;&nbsp;&nbsp;&nbsp;&nbsp;&nbsp;&nbsp;&nbsp;&nbsp;&nbsp;&nbsp;&nbsp;&nbsp;&nbsp;&nbsp;&nbsp;&nbsp;&nbsp;&nbsp;&nbsp;&nbsp;&nbsp;&nbsp;&nbsp;&nbsp;&nbsp;&nbsp;&nbsp;&nbsp;&nbsp;&nbsp;&nbsp;&nbsp;&nbsp; &nbsp; &nbsp; &nbsp;&nbsp;&nbsp;&nbsp;&nbsp;&nbsp;&nbsp;&nbsp;&nbsp;&nbsp;&nbsp;&nbsp;&nbsp;&nbsp;&nbsp;&nbsp;&nbsp;&nbsp;&nbsp;&nbsp;&nbsp;&nbsp; und nat\u00fcrlich<\/li>\n\n\n\n<li>das Gemeindeb\u00fcro (Kirchplatz 9) zu den \u00fcblichen \u00d6ffnungszeiten.<\/li>\n<\/ul>\n\n\n\n<p>Aufgrund seiner Gr\u00f6\u00dfe (ca. 24 x 34,5 cm) l\u00e4sst sich der Adventskalender auch sehr gut als Brief in einem DIN-B4-Umschlag versenden.<\/p>\n\n\n\n<p>Und seit der Ausgabe 2020 f\u00fcgen sich die einzelnen Bilder hinter den T\u00fcrchen auch in das Gesamtbild ein. Dadurch entwickelt sich das Bild des Adventskalenders mit jedem \u00d6ffnen einer T\u00fcr weiter.<\/p>\n\n\n\n<p>Die Ausgaben 2020 &#8211; 2025 sind derzeitig noch verf\u00fcgbar &#8211; bitte fragen Sie nach!<\/p>\n\n\n\n<hr class=\"wp-block-separator has-alpha-channel-opacity\"\/>\n\n\n\n<h4 class=\"wp-block-heading\"><strong>Ausgabe 2025<\/strong><\/h4>\n\n\n\n<figure class=\"wp-block-image size-large is-resized\"><img loading=\"lazy\" decoding=\"async\" width=\"1024\" height=\"718\" src=\"https:\/\/sanierung.michaelis-friedens.de\/michaeliskirche\/wp-content\/uploads\/2025\/09\/AdvKal.-MiKi-Deckblatt1-1024x718.jpg\" alt=\"\" class=\"wp-image-496\" style=\"width:660px;height:auto\" srcset=\"https:\/\/sanierung.michaelis-friedens.de\/michaeliskirche\/wp-content\/uploads\/2025\/09\/AdvKal.-MiKi-Deckblatt1-1024x718.jpg 1024w, https:\/\/sanierung.michaelis-friedens.de\/michaeliskirche\/wp-content\/uploads\/2025\/09\/AdvKal.-MiKi-Deckblatt1-300x210.jpg 300w, https:\/\/sanierung.michaelis-friedens.de\/michaeliskirche\/wp-content\/uploads\/2025\/09\/AdvKal.-MiKi-Deckblatt1-768x538.jpg 768w, https:\/\/sanierung.michaelis-friedens.de\/michaeliskirche\/wp-content\/uploads\/2025\/09\/AdvKal.-MiKi-Deckblatt1-1536x1077.jpg 1536w, https:\/\/sanierung.michaelis-friedens.de\/michaeliskirche\/wp-content\/uploads\/2025\/09\/AdvKal.-MiKi-Deckblatt1.jpg 1989w\" sizes=\"auto, (max-width: 1024px) 100vw, 1024px\" \/><figcaption class=\"wp-element-caption\">Gohliser Adventskalender 2025<br>Gestaltung: Heike Baasch, <a href=\"https:\/\/www.design-heikebaasch.de\/\">https:\/\/www.design-heikebaasch.de\/<\/a><\/figcaption><\/figure>\n\n\n\n<p>Die Ausgabe 2025 wurde von der Diplom-Designerin Heike Baasch gestaltet. Sie hat unter anderem das Beleuchtungskonzept f\u00fcr die Michaeliskirche erstellt und begleitet dessen Umsetzung. Zur Gestaltung des Adventskalenders schreibt sie:<\/p>\n\n\n\n<p>&#8222;Advent in Gohlis<\/p>\n\n\n\n<p>Ein Weihnachtswald steht mitten in Gohlis, geheimnisvoll zwischen die Wohnh\u00e4user gezaubert. Im Hintergrund geben wohlbekannte Geb\u00e4ude der Stadt Leipzig dem Ganzen einen dezenten Rahmen, zwischen ganz vorn und dort hinten ist Markantes aus unserem sch\u00f6nen Stadtteil (oder gleich angrenzend) zu finden. Kenne ich die H\u00e4user da vorne nicht? Viele Einzelheiten sind eingebaut, die typisch f\u00fcr Gohlis sind und die man suchen und wiederfinden kann.<\/p>\n\n\n\n<p>Im Advent wird es zeitig dunkel, die Zeit ist wunderbar geeignet, um die beleuchteten Fenster und Fassaden der H\u00e4user zu entdecken und zu bestaunen. Spazierg\u00e4nge k\u00f6nnen zum Ratespiel werden, in dem Kinder nach und nach ihr Gohlis erforschen &#8211; Erwachsene nat\u00fcrlich auch &#8211; wie die Beiden, die uns ins Geschehen f\u00fchren, sch\u00f6n warm eingepackt. Ein hei\u00dfer Apfelpunsch im liebevoll beleuchteten Garten kann zum Ziel werden, auch ist eine riesige rote Weihnachtsmann-M\u00fctze zu finden, wenn man wei\u00df, von wo aus man sie sieht.<\/p>\n\n\n\n<p>Und wo strahlt ein gro\u00dfer roter Adventsstern f\u00fcr alle sein Licht in den Nachthimmel? Wer freut sich, wenn Kellerfenster irgendwo eine L\u00fccke nach drinnen lassen? Und wer pr\u00fcft, ob das Weihnachtsgeb\u00e4ck schmeckt? Die Fensterchen (oder sind es T\u00fcren?) verraten all dies und noch viel mehr: ihre Geheimnisse bergen einige Anregungen f\u00fcr Bastelabende und andere Vorbereitungen, die die Zeit des Wartens mit Freude f\u00fcllen. So l\u00fcftet ein Fenster nach dem anderen sein Geheimnis &#8211; in einer Reihenfolge, die ein bisschen bei der Zeitplanung helfen kann. Und: liebgewonnene Freunde bringen Wiedersehensfreude f\u00fcr alle, die unsere Kalender schon l\u00e4nger kennen.<\/p>\n\n\n\n<p>Wir w\u00fcnschen allen auch in diesem Advent 2025 wieder viel Freude &#8211; und dass es immer mal so sch\u00f6n schneit, wie auf unserem Kalenderbild!&#8220;<\/p>\n\n\n\n<hr class=\"wp-block-separator has-alpha-channel-opacity\"\/>\n\n\n\n<h4 class=\"wp-block-heading\"><strong>Ausgabe 2024<\/strong><\/h4>\n\n\n\n<figure class=\"wp-block-image size-large is-resized\"><img loading=\"lazy\" decoding=\"async\" width=\"1024\" height=\"722\" src=\"https:\/\/sanierung.michaelis-friedens.de\/michaeliskirche\/wp-content\/uploads\/2024\/09\/Adventskalender-Vorderseite-mit-Zahlen-FINAL2-RGB-300dpi-1024x722.jpg\" alt=\"\" class=\"wp-image-333\" style=\"width:660px;height:auto\" srcset=\"https:\/\/sanierung.michaelis-friedens.de\/michaeliskirche\/wp-content\/uploads\/2024\/09\/Adventskalender-Vorderseite-mit-Zahlen-FINAL2-RGB-300dpi-1024x722.jpg 1024w, https:\/\/sanierung.michaelis-friedens.de\/michaeliskirche\/wp-content\/uploads\/2024\/09\/Adventskalender-Vorderseite-mit-Zahlen-FINAL2-RGB-300dpi-300x211.jpg 300w, https:\/\/sanierung.michaelis-friedens.de\/michaeliskirche\/wp-content\/uploads\/2024\/09\/Adventskalender-Vorderseite-mit-Zahlen-FINAL2-RGB-300dpi-768x541.jpg 768w, https:\/\/sanierung.michaelis-friedens.de\/michaeliskirche\/wp-content\/uploads\/2024\/09\/Adventskalender-Vorderseite-mit-Zahlen-FINAL2-RGB-300dpi-1536x1082.jpg 1536w, https:\/\/sanierung.michaelis-friedens.de\/michaeliskirche\/wp-content\/uploads\/2024\/09\/Adventskalender-Vorderseite-mit-Zahlen-FINAL2-RGB-300dpi-2048x1443.jpg 2048w\" sizes=\"auto, (max-width: 1024px) 100vw, 1024px\" \/><figcaption class=\"wp-element-caption\">Gohliser Adventskalender 2024<br>Gestaltung: Anika, Rockmann, <a href=\"http:\/\/www.anikarockmann.jimdofree.com\">http:\/\/www.anikarockmann.jimdofree.com<\/a><\/figcaption><\/figure>\n\n\n\n<p>Die Ausgabe 2024 wurde von der Kunstp\u00e4dagogin und Erzieherin Anika Rockmann gestaltet. Frau Rockmann ist im MichaelisKinderGarten t\u00e4tig und schreibt zu ihrem Entwurf:<\/p>\n\n\n\n<p>&#8222;Die weihnachtliche Szene zeigt eine Fantasielandschaft und versammelt viele Dinge, die ich an Leipzig und Weihnachten so liebe &#8211; mein Zuhause seit \u00fcber 20 Jahren und die f\u00fcr mich sch\u00f6nste Zeit des Jahres &#8230; Die Idee hierzu kam mir, als ich meinen kleinen Sohn mit seiner Oma am Fenster staunend stehend beobachtete. Einer dieser gez\u00e4hlten Momente, so dachte ich emotional.<\/p>\n\n\n\n<p>Kinderaugen entdecken so viel Spannendes, Fantasievolles und Wunderbares in dem, was f\u00fcr uns \u201egro\u00dfe Leute\u201c lediglich allt\u00e4glich erscheint und somit unbemerkt bleibt. In ihrer Fantasie erwachen Spielsachen zum Leben, Tiere k\u00f6nnen Eis schlecken und sprechen, Schneem\u00e4nner winken l\u00e4chelnd zur\u00fcck, Omas alter Nussknacker prostet uns mit einem hei\u00dfen Kakao zu, die Adventssonntagskerze flackert aufgeregt vor sich hin &#8211; in freudiger Erwartung auf das, was uns am Heiligabend erwartet &#8211; und wirft geheimnisvolle Schatten an die Decke &#8230; viele kleine Wunder, die vor allem in der Vorweihnachtszeit das Kind in uns erwecken k\u00f6nnen &#8211; wenn wir nur hinsehen und -h\u00f6ren &#8230;&#8220;<\/p>\n\n\n\n<hr class=\"wp-block-separator has-alpha-channel-opacity\"\/>\n\n\n\n<h4 class=\"wp-block-heading\"><strong>Ausgabe 2023<\/strong><\/h4>\n\n\n\n<figure class=\"wp-block-image size-large is-resized\"><img decoding=\"async\" src=\"https:\/\/www.michaelis-friedens.de\/wp-content\/uploads\/2023\/10\/Gohliser-Adventskalender-2023_1.1-scaled-640x445.jpg\" alt=\"\" class=\"wp-image-54095\" style=\"width:660px;height:auto\"\/><figcaption class=\"wp-element-caption\">Gohliser Adventskalender 2023<br>Gestaltung: Miriam Zedelius,&nbsp;<a href=\"http:\/\/www.miriam-zedelius.de\/\">www.miriam-zedelius.de<\/a><\/figcaption><\/figure>\n\n\n\n<p>Die Ausgabe 2023 gibt es in drei Varianten: mit einer schwarzen, einer wei\u00dfgefleckten und einer roten Katze. Miriam Zedelius schreibt zu ihrem Adventskalenderentwurf:<\/p>\n\n\n\n<p>&#8222;Mit dem Adventskalender begann f\u00fcr mich als Kind die Vorfreude auf Weihnachten. Jeder Tag offenbarte ein kleines Geheimnis, bis alle T\u00fcrchen offen waren und der gro\u00dfe Weihnachtsbaum im Wohnzimmer im Kerzenschein leuchtete. In der kalten, dunklen Jahreszeit sind Lichter besonders wichtig. Licht bedeutet W\u00e4rme und Hoffnung. Auch B\u00e4ume bedeuten Hoffnung, Schutz und Leben. Die gro\u00dfe Eiche im Rosental gegen\u00fcber dem Zooschaufenster ist uralt. \u2013 Wie viel k\u00f6nnte sie erz\u00e4hlen, wenn sie sprechen k\u00f6nnte! Ihre Silhouette ist zu jeder Jahreszeit anders und einfach wundersch\u00f6n.<\/p>\n\n\n\n<p>F\u00fcr mich ist dieser Baum und die weite Wiese ein besonderer Ort. Deshalb habe ich ihn gezeichnet. Von hier sieht man in der Ferne die Michaeliskirche, das Dach des Gondwanalands und den Uni-Riesen, und so wei\u00df man, dass man in Leipzig ist. Am Anfang ist das Bild dunkel und geheimnisvoll. Doch Tag f\u00fcr Tag werden sich die winterlich kahlen Zweige des gro\u00dfen Baumes und die schneebedeckte stille Wiese mit Leben f\u00fcllen \u2026 bis am 24. Dezember Weihnachten ist an der gro\u00dfen Eiche im Rosental.&#8220;<\/p>\n\n\n\n<hr class=\"wp-block-separator has-alpha-channel-opacity\"\/>\n\n\n\n<h4 class=\"wp-block-heading\"><strong>Ausgabe 2022<\/strong><\/h4>\n\n\n\n<figure class=\"wp-block-image size-large is-resized\"><img loading=\"lazy\" decoding=\"async\" width=\"715\" height=\"1024\" src=\"https:\/\/sanierung.michaelis-friedens.de\/michaeliskirche\/wp-content\/uploads\/2024\/08\/Deckblatt-ohne-Rand-715x1024.jpg\" alt=\"\" class=\"wp-image-313\" style=\"width:480px;height:auto\" srcset=\"https:\/\/sanierung.michaelis-friedens.de\/michaeliskirche\/wp-content\/uploads\/2024\/08\/Deckblatt-ohne-Rand-715x1024.jpg 715w, https:\/\/sanierung.michaelis-friedens.de\/michaeliskirche\/wp-content\/uploads\/2024\/08\/Deckblatt-ohne-Rand-209x300.jpg 209w, https:\/\/sanierung.michaelis-friedens.de\/michaeliskirche\/wp-content\/uploads\/2024\/08\/Deckblatt-ohne-Rand-768x1100.jpg 768w, https:\/\/sanierung.michaelis-friedens.de\/michaeliskirche\/wp-content\/uploads\/2024\/08\/Deckblatt-ohne-Rand-1073x1536.jpg 1073w, https:\/\/sanierung.michaelis-friedens.de\/michaeliskirche\/wp-content\/uploads\/2024\/08\/Deckblatt-ohne-Rand-1430x2048.jpg 1430w, https:\/\/sanierung.michaelis-friedens.de\/michaeliskirche\/wp-content\/uploads\/2024\/08\/Deckblatt-ohne-Rand-scaled.jpg 1788w\" sizes=\"auto, (max-width: 715px) 100vw, 715px\" \/><figcaption class=\"wp-element-caption\">Gohliser Adventskalender 2022<br>Gestaltung des Originals im Risodruckverfahren<\/figcaption><\/figure>\n\n\n\n<hr class=\"wp-block-separator has-css-opacity\"\/>\n\n\n\n<h4 class=\"wp-block-heading\"><strong>Ausgabe 2021<\/strong><\/h4>\n\n\n\n<figure class=\"wp-block-image size-large is-resized\"><img decoding=\"async\" src=\"https:\/\/www.michaelis-friedens.de\/wp-content\/uploads\/2021\/09\/Adventskalender-Deckblatt_2021-kompr-Kopie-640x913.jpg\" alt=\"\" class=\"wp-image-32808\" style=\"width:480px;height:auto\"\/><figcaption class=\"wp-element-caption\">Gohliser Adventskalender 2021<br>Gestaltung: Uta Schlenzig,&nbsp;<a href=\"http:\/\/www.deinelieblingsk\u00fcnstler.com\/uta-schlenzig\/\" target=\"_blank\" rel=\"noreferrer noopener\">www.deinelieblingsk\u00fcnstler.com\/uta-schlenzig\/<\/a>&nbsp;<\/figcaption><\/figure>\n\n\n\n<hr class=\"wp-block-separator has-css-opacity\"\/>\n\n\n\n<h4 class=\"wp-block-heading\"><strong>Ausgabe 2020<\/strong><\/h4>\n\n\n\n<figure class=\"wp-block-image size-large is-resized\"><a href=\"www.urte-von-maltzahn-lietz.de\" rel=\"https:\/\/www.urte-von-maltzahn-lietz.de\/\"><img decoding=\"async\" src=\"https:\/\/www.michaelis-friedens.de\/wp-content\/uploads\/2021\/09\/Adventskalender_Deckblatt1_27.7.20-Kopie-640x920.jpg\" alt=\"\" class=\"wp-image-32805\" style=\"width:480px;height:auto\"\/><\/a><figcaption class=\"wp-element-caption\">Gohliser Adventskalender 2020<br>Gestaltung: Urte von Maltzahn-Lietz, <a href=\"http:\/\/www.urte-von-maltzahn-lietz.de\" data-type=\"link\" data-id=\"www.urte-von-maltzahn-lietz.de\">www.urte-von-maltzahn-lietz.de<\/a><\/figcaption><\/figure>\n\n\n\n<hr class=\"wp-block-separator has-css-opacity\"\/>\n\n\n\n<h4 class=\"wp-block-heading\"><strong>Ausgabe 2019<\/strong><\/h4>\n\n\n\n<figure class=\"wp-block-image is-resized\"><img decoding=\"async\" src=\"https:\/\/www.michaelis-friedens.de\/wp-content\/uploads\/2019\/10\/Adventskalenderbild-2019-640x445.jpg\" alt=\"\" class=\"wp-image-7827\" style=\"width:660px;height:auto\"\/><figcaption class=\"wp-element-caption\">Gohliser Adventskalender 2019<br>Gestaltung: Constanze Guhr, <a href=\"http:\/\/www.constanzeguhr.de\" data-type=\"link\" data-id=\"www.constanzeguhr.de\">www.constanzeguhr.de<\/a><\/figcaption><\/figure>\n","protected":false},"excerpt":{"rendered":"<p>Der Gohliser Adventskalender ist eine Aktion des F\u00f6rdervereins Michaelis-Kirche e.V. Als kleines Dankesch\u00f6n f\u00fcr Spenden ab 10 \u20ac zugunsten der Sanierung der Michaeliskirche wird dieser Adventskalender verschenkt. Die Aktion findet in den Wochen vor dem <a class=\"more-link\" href=\"https:\/\/sanierung.michaelis-friedens.de\/michaeliskirche\/gohliser-adventskalender\/\">Weiterlesen\u00a0\u2026<\/a><\/p>\n","protected":false},"author":2,"featured_media":0,"parent":0,"menu_order":0,"comment_status":"closed","ping_status":"closed","template":"","meta":{"footnotes":""},"class_list":["post-40","page","type-page","status-publish","hentry"],"_links":{"self":[{"href":"https:\/\/sanierung.michaelis-friedens.de\/michaeliskirche\/wp-json\/wp\/v2\/pages\/40","targetHints":{"allow":["GET"]}}],"collection":[{"href":"https:\/\/sanierung.michaelis-friedens.de\/michaeliskirche\/wp-json\/wp\/v2\/pages"}],"about":[{"href":"https:\/\/sanierung.michaelis-friedens.de\/michaeliskirche\/wp-json\/wp\/v2\/types\/page"}],"author":[{"embeddable":true,"href":"https:\/\/sanierung.michaelis-friedens.de\/michaeliskirche\/wp-json\/wp\/v2\/users\/2"}],"replies":[{"embeddable":true,"href":"https:\/\/sanierung.michaelis-friedens.de\/michaeliskirche\/wp-json\/wp\/v2\/comments?post=40"}],"version-history":[{"count":31,"href":"https:\/\/sanierung.michaelis-friedens.de\/michaeliskirche\/wp-json\/wp\/v2\/pages\/40\/revisions"}],"predecessor-version":[{"id":504,"href":"https:\/\/sanierung.michaelis-friedens.de\/michaeliskirche\/wp-json\/wp\/v2\/pages\/40\/revisions\/504"}],"wp:attachment":[{"href":"https:\/\/sanierung.michaelis-friedens.de\/michaeliskirche\/wp-json\/wp\/v2\/media?parent=40"}],"curies":[{"name":"wp","href":"https:\/\/api.w.org\/{rel}","templated":true}]}}