{"id":38,"date":"2024-02-22T22:32:17","date_gmt":"2024-02-22T21:32:17","guid":{"rendered":"https:\/\/sanierung.michaelis-friedens.de\/michaeliskirche\/?page_id=38"},"modified":"2026-02-20T20:06:19","modified_gmt":"2026-02-20T19:06:19","slug":"tag-des-offenen-denkmals","status":"publish","type":"page","link":"https:\/\/sanierung.michaelis-friedens.de\/michaeliskirche\/tag-des-offenen-denkmals\/","title":{"rendered":"Tag des offenen Denkmals"},"content":{"rendered":"\n<p>Die Ev.-Luth. Michealis-Friedens-Kirchgemeinde beteiligt sich am Tag des offenen Denkmals\u00ae, der immer am zweiten Sonntag im September stattfindet, und \u00f6ffnet dazu die Michaeliskirche f\u00fcr F\u00fchrungen und Besichtigungen. Der n\u00e4chste Tag des offenen Denkmals findet am 13.09.2026 statt.<\/p>\n\n\n\n<p>2022 war Leipzig die Er\u00f6ffnungsstadt des Tags des offenen Denkmals\u00ae. Dazu lie\u00df die Deutsche Stiftung Denkmalschutz ein Drohnenflugvideo unter dem Titel \u201cLeipzig \u2013 Vielfalt erleben\u201d erstellen, welches u. a. auch unsere Michaeliskirche zeigt:<\/p>\n\n\n\n<figure class=\"wp-block-embed is-type-video is-provider-youtube wp-block-embed-youtube wp-embed-aspect-16-9 wp-has-aspect-ratio\"><div class=\"wp-block-embed__wrapper\">\n<iframe loading=\"lazy\" title=\"Leipzig \u2013 Vielfalt erleben\" width=\"780\" height=\"439\" src=\"https:\/\/www.youtube.com\/embed\/LFgRuBI7fRA?feature=oembed\" frameborder=\"0\" allow=\"accelerometer; autoplay; clipboard-write; encrypted-media; gyroscope; picture-in-picture; web-share\" referrerpolicy=\"strict-origin-when-cross-origin\" allowfullscreen><\/iframe>\n<\/div><\/figure>\n","protected":false},"excerpt":{"rendered":"<p>Die Ev.-Luth. Michealis-Friedens-Kirchgemeinde beteiligt sich am Tag des offenen Denkmals\u00ae, der immer am zweiten Sonntag im September stattfindet, und \u00f6ffnet dazu die Michaeliskirche f\u00fcr F\u00fchrungen und Besichtigungen. Der n\u00e4chste Tag des offenen Denkmals findet am <a class=\"more-link\" href=\"https:\/\/sanierung.michaelis-friedens.de\/michaeliskirche\/tag-des-offenen-denkmals\/\">Weiterlesen\u00a0\u2026<\/a><\/p>\n","protected":false},"author":2,"featured_media":0,"parent":0,"menu_order":0,"comment_status":"closed","ping_status":"closed","template":"","meta":{"footnotes":""},"class_list":["post-38","page","type-page","status-publish","hentry"],"_links":{"self":[{"href":"https:\/\/sanierung.michaelis-friedens.de\/michaeliskirche\/wp-json\/wp\/v2\/pages\/38","targetHints":{"allow":["GET"]}}],"collection":[{"href":"https:\/\/sanierung.michaelis-friedens.de\/michaeliskirche\/wp-json\/wp\/v2\/pages"}],"about":[{"href":"https:\/\/sanierung.michaelis-friedens.de\/michaeliskirche\/wp-json\/wp\/v2\/types\/page"}],"author":[{"embeddable":true,"href":"https:\/\/sanierung.michaelis-friedens.de\/michaeliskirche\/wp-json\/wp\/v2\/users\/2"}],"replies":[{"embeddable":true,"href":"https:\/\/sanierung.michaelis-friedens.de\/michaeliskirche\/wp-json\/wp\/v2\/comments?post=38"}],"version-history":[{"count":10,"href":"https:\/\/sanierung.michaelis-friedens.de\/michaeliskirche\/wp-json\/wp\/v2\/pages\/38\/revisions"}],"predecessor-version":[{"id":529,"href":"https:\/\/sanierung.michaelis-friedens.de\/michaeliskirche\/wp-json\/wp\/v2\/pages\/38\/revisions\/529"}],"wp:attachment":[{"href":"https:\/\/sanierung.michaelis-friedens.de\/michaeliskirche\/wp-json\/wp\/v2\/media?parent=38"}],"curies":[{"name":"wp","href":"https:\/\/api.w.org\/{rel}","templated":true}]}}