{"id":35,"date":"2024-02-22T22:31:20","date_gmt":"2024-02-22T21:31:20","guid":{"rendered":"https:\/\/sanierung.michaelis-friedens.de\/michaeliskirche\/?page_id=35"},"modified":"2025-09-08T14:09:15","modified_gmt":"2025-09-08T12:09:15","slug":"foerderung","status":"publish","type":"page","link":"https:\/\/sanierung.michaelis-friedens.de\/michaeliskirche\/foerderung\/","title":{"rendered":"Spenden und F\u00f6rderung"},"content":{"rendered":"\n<hr class=\"wp-block-separator has-alpha-channel-opacity\"\/>\n\n\n\n<figure class=\"wp-block-image size-large is-resized\"><img loading=\"lazy\" decoding=\"async\" width=\"725\" height=\"1024\" src=\"https:\/\/sanierung.michaelis-friedens.de\/michaeliskirche\/wp-content\/uploads\/2025\/09\/Plakat-Stand-Eigenmittel-2025-04-725x1024.jpg\" alt=\"\" class=\"wp-image-488\" style=\"width:573px;height:auto\" srcset=\"https:\/\/sanierung.michaelis-friedens.de\/michaeliskirche\/wp-content\/uploads\/2025\/09\/Plakat-Stand-Eigenmittel-2025-04-725x1024.jpg 725w, https:\/\/sanierung.michaelis-friedens.de\/michaeliskirche\/wp-content\/uploads\/2025\/09\/Plakat-Stand-Eigenmittel-2025-04-212x300.jpg 212w, https:\/\/sanierung.michaelis-friedens.de\/michaeliskirche\/wp-content\/uploads\/2025\/09\/Plakat-Stand-Eigenmittel-2025-04-768x1084.jpg 768w, https:\/\/sanierung.michaelis-friedens.de\/michaeliskirche\/wp-content\/uploads\/2025\/09\/Plakat-Stand-Eigenmittel-2025-04.jpg 1000w\" sizes=\"auto, (max-width: 725px) 100vw, 725px\" \/><\/figure>\n\n\n\n<p><\/p>\n\n\n\n<p>Die Gesamtkosten f\u00fcr die bereits durchgef\u00fchrten und noch geplanten Sanierungsma\u00dfnahmen belaufen sich auf ca. 2,9 Mio. \u20ac. Neben verschiedenen F\u00f6rderm\u00f6glichkeiten werden voraussichtlich ca. 450.000 \u20ac Eigenmittel von der Gemeinde ben\u00f6tig, die nicht aus den vorhandenen Reserven gedeckt werden k\u00f6nnen.<\/p>\n\n\n\n<p>Daher bitten wir Sie, die Sanierung der Michaeliskirche zu unterst\u00fctzen mit<\/p>\n\n\n\n<ul class=\"wp-block-list\">\n<li>einer Spende \u00fcber unser nebenstehendes Spendenportal<\/li>\n\n\n\n<li>einer \u00dcberweisung:<\/li>\n<\/ul>\n\n\n\n<figure class=\"wp-block-table\"><table><tbody><tr><td class=\"has-text-align-left\" data-align=\"left\"> Empf\u00e4nger:<\/td><td class=\"has-text-align-left\" data-align=\"left\"> Ev.-Luth. Michaelis-Friedens-Kirchgemeinde <\/td><\/tr><tr><td class=\"has-text-align-left\" data-align=\"left\"> IBAN:<\/td><td class=\"has-text-align-left\" data-align=\"left\"> DE78 3506 0190 1635 9000 12 <\/td><\/tr><tr><td class=\"has-text-align-left\" data-align=\"left\"> BIC:<\/td><td class=\"has-text-align-left\" data-align=\"left\"> GENODED1DKD <\/td><\/tr><tr><td class=\"has-text-align-left\" data-align=\"left\"> Verwendungszweck:<\/td><td class=\"has-text-align-left\" data-align=\"left\"> Spende zur Sanierung der Michaeliskirche <\/td><\/tr><tr><td class=\"has-text-align-left\" data-align=\"left\">PayPal:<\/td><td class=\"has-text-align-left\" data-align=\"left\">paypal.me\/MichaelisFriedens<\/td><\/tr><\/tbody><\/table><\/figure>\n\n\n\n<ul class=\"wp-block-list\">\n<li>einem <a href=\"https:\/\/sanierung.michaelis-friedens.de\/michaeliskirche\/wp-content\/uploads\/2025\/02\/2022-07-Vordruck-Spendenzusage-mit-DS_korrFormat.pdf\">Dauerauftrag<\/a><\/li>\n\n\n\n<li>einer Online-Spende \u00fcber diesen Link:<\/li>\n<\/ul>\n\n\n<div class=\"wp-block-image\">\n<figure class=\"aligncenter size-large is-resized\"><img loading=\"lazy\" decoding=\"async\" width=\"1024\" height=\"1024\" src=\"https:\/\/sanierung.michaelis-friedens.de\/michaeliskirche\/wp-content\/uploads\/2025\/02\/QR-Spendenportal-Sanierung-MiKi-1024x1024.png\" alt=\"\" class=\"wp-image-406\" style=\"width:183px;height:auto\" srcset=\"https:\/\/sanierung.michaelis-friedens.de\/michaeliskirche\/wp-content\/uploads\/2025\/02\/QR-Spendenportal-Sanierung-MiKi-1024x1024.png 1024w, https:\/\/sanierung.michaelis-friedens.de\/michaeliskirche\/wp-content\/uploads\/2025\/02\/QR-Spendenportal-Sanierung-MiKi-300x300.png 300w, https:\/\/sanierung.michaelis-friedens.de\/michaeliskirche\/wp-content\/uploads\/2025\/02\/QR-Spendenportal-Sanierung-MiKi-150x150.png 150w, https:\/\/sanierung.michaelis-friedens.de\/michaeliskirche\/wp-content\/uploads\/2025\/02\/QR-Spendenportal-Sanierung-MiKi-768x768.png 768w, https:\/\/sanierung.michaelis-friedens.de\/michaeliskirche\/wp-content\/uploads\/2025\/02\/QR-Spendenportal-Sanierung-MiKi-1536x1536.png 1536w, https:\/\/sanierung.michaelis-friedens.de\/michaeliskirche\/wp-content\/uploads\/2025\/02\/QR-Spendenportal-Sanierung-MiKi-2048x2048.png 2048w\" sizes=\"auto, (max-width: 1024px) 100vw, 1024px\" \/><\/figure>\n<\/div>\n\n\n<p>Neben zahlreichen Spender*innen und dem <a href=\"https:\/\/www.michaeliskirche.info\/\">F\u00f6rderverein Michaelis-Kirche e.V.<\/a> , die die Sanierungsma\u00dfnahmen durch Einzel- oder Dauerspenden unterst\u00fctzen, wird die Sanierung zudem gef\u00f6rdert durch:<\/p>\n\n\n\n<ul class=\"wp-block-list\">\n<li>Bundesrepublik Deutschland, vertreten durch die Beauftragte der Bundesregierung f\u00fcr Kultur und Medien<\/li>\n\n\n\n<li>Freistaat Sachsen<\/li>\n\n\n\n<li>Deutsche Stiftung Denkmalschutz<\/li>\n\n\n\n<li>Evangelisch-Lutherische Landeskirche Sachsens<\/li>\n<\/ul>\n\n\n\n<p><\/p>\n","protected":false},"excerpt":{"rendered":"<p>Die Gesamtkosten f\u00fcr die bereits durchgef\u00fchrten und noch geplanten Sanierungsma\u00dfnahmen belaufen sich auf ca. 2,9 Mio. \u20ac. Neben verschiedenen F\u00f6rderm\u00f6glichkeiten werden voraussichtlich ca. 450.000 \u20ac Eigenmittel von der Gemeinde ben\u00f6tig, die nicht aus den vorhandenen <a class=\"more-link\" href=\"https:\/\/sanierung.michaelis-friedens.de\/michaeliskirche\/foerderung\/\">Weiterlesen\u00a0\u2026<\/a><\/p>\n","protected":false},"author":2,"featured_media":0,"parent":0,"menu_order":0,"comment_status":"closed","ping_status":"closed","template":"","meta":{"footnotes":""},"class_list":["post-35","page","type-page","status-publish","hentry"],"_links":{"self":[{"href":"https:\/\/sanierung.michaelis-friedens.de\/michaeliskirche\/wp-json\/wp\/v2\/pages\/35","targetHints":{"allow":["GET"]}}],"collection":[{"href":"https:\/\/sanierung.michaelis-friedens.de\/michaeliskirche\/wp-json\/wp\/v2\/pages"}],"about":[{"href":"https:\/\/sanierung.michaelis-friedens.de\/michaeliskirche\/wp-json\/wp\/v2\/types\/page"}],"author":[{"embeddable":true,"href":"https:\/\/sanierung.michaelis-friedens.de\/michaeliskirche\/wp-json\/wp\/v2\/users\/2"}],"replies":[{"embeddable":true,"href":"https:\/\/sanierung.michaelis-friedens.de\/michaeliskirche\/wp-json\/wp\/v2\/comments?post=35"}],"version-history":[{"count":26,"href":"https:\/\/sanierung.michaelis-friedens.de\/michaeliskirche\/wp-json\/wp\/v2\/pages\/35\/revisions"}],"predecessor-version":[{"id":492,"href":"https:\/\/sanierung.michaelis-friedens.de\/michaeliskirche\/wp-json\/wp\/v2\/pages\/35\/revisions\/492"}],"wp:attachment":[{"href":"https:\/\/sanierung.michaelis-friedens.de\/michaeliskirche\/wp-json\/wp\/v2\/media?parent=35"}],"curies":[{"name":"wp","href":"https:\/\/api.w.org\/{rel}","templated":true}]}}