{"id":29,"date":"2024-02-22T22:29:35","date_gmt":"2024-02-22T21:29:35","guid":{"rendered":"https:\/\/sanierung.michaelis-friedens.de\/michaeliskirche\/?page_id=29"},"modified":"2026-04-10T21:06:53","modified_gmt":"2026-04-10T19:06:53","slug":"innensanierung-ab-2023","status":"publish","type":"page","link":"https:\/\/sanierung.michaelis-friedens.de\/michaeliskirche\/innensanierung-ab-2023\/","title":{"rendered":"Innensanierung (ab 2023)"},"content":{"rendered":"\n<p>Von Juli 2023 bis Ende 2025 werden in einem 1. Bauabschnitt die beiden Seitenschiffe, das Mittelschiff, die Brauthalle und die vier Treppenh\u00e4user innen saniert. Der 2. Bauabschnitt mit Altarraum, Sakristei und Kapellen, Orgelempore sowie Orgel schlie\u00dft sich in den Jahren 2026 bis 2028 an.<\/p>\n\n\n\n<figure class=\"wp-block-image size-large\"><img loading=\"lazy\" decoding=\"async\" width=\"1024\" height=\"688\" src=\"https:\/\/sanierung.michaelis-friedens.de\/michaeliskirche\/wp-content\/uploads\/2024\/02\/Zeitschiene-1024x688.jpg\" alt=\"\" class=\"wp-image-73\" srcset=\"https:\/\/sanierung.michaelis-friedens.de\/michaeliskirche\/wp-content\/uploads\/2024\/02\/Zeitschiene-1024x688.jpg 1024w, https:\/\/sanierung.michaelis-friedens.de\/michaeliskirche\/wp-content\/uploads\/2024\/02\/Zeitschiene-300x201.jpg 300w, https:\/\/sanierung.michaelis-friedens.de\/michaeliskirche\/wp-content\/uploads\/2024\/02\/Zeitschiene-768x516.jpg 768w, https:\/\/sanierung.michaelis-friedens.de\/michaeliskirche\/wp-content\/uploads\/2024\/02\/Zeitschiene-1536x1031.jpg 1536w, https:\/\/sanierung.michaelis-friedens.de\/michaeliskirche\/wp-content\/uploads\/2024\/02\/Zeitschiene-2048x1375.jpg 2048w\" sizes=\"auto, (max-width: 1024px) 100vw, 1024px\" \/><figcaption class=\"wp-element-caption\">Planung zum 1. Bauabschnitt der Innensanierung (Stand: Sommer 2023)<\/figcaption><\/figure>\n\n\n\n<p>Es ist geplant, die W\u00e4nde und Decken denkmalgerecht zu restaurieren. Die 1912 eingebauten Leinwandbespannungen werden abgenommen, um die Akustik f\u00fcr Konzerte zu verbessern. Die B\u00f6den in den Seitenschiffen werden abgesenkt, um die Fl\u00e4chen f\u00fcr Rollst\u00fchle befahrbar zu machen. Gleichzeitig ist die Aufarbeitung aller Natursteinb\u00f6den vorgesehen. Die Elektroinstallationen werden komplett erneuert. Dabei sollen die historischen Leuchten restauriert und erg\u00e4nzt werden. Zudem wird eine moderne Lautsprecher- und Mikrofonanlage installiert.<\/p>\n\n\n\n<p>Die ehemalige Kindergarten-Toilette zwischen der Sakristei und der Ostkapelle soll zu einem barrierefreien WC umgebaut werden.<\/p>\n\n\n\n<p>Informationen zu den bereits erfolgten Sanierungsarbeiten finden Sie in unserer Gemeinde-App <a href=\"https:\/\/michaelis-friedens.meinegemeinde.digital\/\">hier<\/a>.<\/p>\n\n\n\n<figure class=\"wp-block-gallery has-nested-images columns-2 is-cropped wp-block-gallery-1 is-layout-flex wp-block-gallery-is-layout-flex\">\n<figure class=\"wp-block-image size-large\"><img loading=\"lazy\" decoding=\"async\" width=\"1024\" height=\"1024\" data-id=\"72\" src=\"https:\/\/sanierung.michaelis-friedens.de\/michaeliskirche\/wp-content\/uploads\/2024\/02\/Stufe-1024x1024.jpg\" alt=\"\" class=\"wp-image-72\" srcset=\"https:\/\/sanierung.michaelis-friedens.de\/michaeliskirche\/wp-content\/uploads\/2024\/02\/Stufe-1024x1024.jpg 1024w, https:\/\/sanierung.michaelis-friedens.de\/michaeliskirche\/wp-content\/uploads\/2024\/02\/Stufe-300x300.jpg 300w, https:\/\/sanierung.michaelis-friedens.de\/michaeliskirche\/wp-content\/uploads\/2024\/02\/Stufe-150x150.jpg 150w, https:\/\/sanierung.michaelis-friedens.de\/michaeliskirche\/wp-content\/uploads\/2024\/02\/Stufe-768x768.jpg 768w, https:\/\/sanierung.michaelis-friedens.de\/michaeliskirche\/wp-content\/uploads\/2024\/02\/Stufe-1536x1536.jpg 1536w, https:\/\/sanierung.michaelis-friedens.de\/michaeliskirche\/wp-content\/uploads\/2024\/02\/Stufe-2048x2048.jpg 2048w\" sizes=\"auto, (max-width: 1024px) 100vw, 1024px\" \/><figcaption class=\"wp-element-caption\">Stufe von 6 cm H\u00f6he im Seitenschiff<\/figcaption><\/figure>\n\n\n\n<figure class=\"wp-block-image size-large\"><img loading=\"lazy\" decoding=\"async\" width=\"1024\" height=\"1024\" data-id=\"70\" src=\"https:\/\/sanierung.michaelis-friedens.de\/michaeliskirche\/wp-content\/uploads\/2024\/02\/Leinwand-1024x1024.jpg\" alt=\"\" class=\"wp-image-70\" srcset=\"https:\/\/sanierung.michaelis-friedens.de\/michaeliskirche\/wp-content\/uploads\/2024\/02\/Leinwand-1024x1024.jpg 1024w, https:\/\/sanierung.michaelis-friedens.de\/michaeliskirche\/wp-content\/uploads\/2024\/02\/Leinwand-300x300.jpg 300w, https:\/\/sanierung.michaelis-friedens.de\/michaeliskirche\/wp-content\/uploads\/2024\/02\/Leinwand-150x150.jpg 150w, https:\/\/sanierung.michaelis-friedens.de\/michaeliskirche\/wp-content\/uploads\/2024\/02\/Leinwand-768x768.jpg 768w, https:\/\/sanierung.michaelis-friedens.de\/michaeliskirche\/wp-content\/uploads\/2024\/02\/Leinwand-1536x1536.jpg 1536w, https:\/\/sanierung.michaelis-friedens.de\/michaeliskirche\/wp-content\/uploads\/2024\/02\/Leinwand-2048x2048.jpg 2048w\" sizes=\"auto, (max-width: 1024px) 100vw, 1024px\" \/><figcaption class=\"wp-element-caption\">schadhafte Leinwandbespannung<\/figcaption><\/figure>\n\n\n\n<figure class=\"wp-block-image size-large\"><img loading=\"lazy\" decoding=\"async\" width=\"1024\" height=\"1024\" data-id=\"69\" src=\"https:\/\/sanierung.michaelis-friedens.de\/michaeliskirche\/wp-content\/uploads\/2024\/02\/Kapitell-1024x1024.jpg\" alt=\"\" class=\"wp-image-69\" srcset=\"https:\/\/sanierung.michaelis-friedens.de\/michaeliskirche\/wp-content\/uploads\/2024\/02\/Kapitell-1024x1024.jpg 1024w, https:\/\/sanierung.michaelis-friedens.de\/michaeliskirche\/wp-content\/uploads\/2024\/02\/Kapitell-300x300.jpg 300w, https:\/\/sanierung.michaelis-friedens.de\/michaeliskirche\/wp-content\/uploads\/2024\/02\/Kapitell-150x150.jpg 150w, https:\/\/sanierung.michaelis-friedens.de\/michaeliskirche\/wp-content\/uploads\/2024\/02\/Kapitell-768x768.jpg 768w, https:\/\/sanierung.michaelis-friedens.de\/michaeliskirche\/wp-content\/uploads\/2024\/02\/Kapitell-1536x1536.jpg 1536w, https:\/\/sanierung.michaelis-friedens.de\/michaeliskirche\/wp-content\/uploads\/2024\/02\/Kapitell-2048x2048.jpg 2048w\" sizes=\"auto, (max-width: 1024px) 100vw, 1024px\" \/><figcaption class=\"wp-element-caption\">Kapitell mit Salzausbl\u00fchungen und\nFarbabplatzungen<\/figcaption><\/figure>\n\n\n\n<figure class=\"wp-block-image size-large\"><img loading=\"lazy\" decoding=\"async\" width=\"1024\" height=\"1024\" data-id=\"71\" src=\"https:\/\/sanierung.michaelis-friedens.de\/michaeliskirche\/wp-content\/uploads\/2024\/02\/Putz-1024x1024.jpg\" alt=\"\" class=\"wp-image-71\" srcset=\"https:\/\/sanierung.michaelis-friedens.de\/michaeliskirche\/wp-content\/uploads\/2024\/02\/Putz-1024x1024.jpg 1024w, https:\/\/sanierung.michaelis-friedens.de\/michaeliskirche\/wp-content\/uploads\/2024\/02\/Putz-300x300.jpg 300w, https:\/\/sanierung.michaelis-friedens.de\/michaeliskirche\/wp-content\/uploads\/2024\/02\/Putz-150x150.jpg 150w, https:\/\/sanierung.michaelis-friedens.de\/michaeliskirche\/wp-content\/uploads\/2024\/02\/Putz-768x768.jpg 768w, https:\/\/sanierung.michaelis-friedens.de\/michaeliskirche\/wp-content\/uploads\/2024\/02\/Putz-1536x1536.jpg 1536w, https:\/\/sanierung.michaelis-friedens.de\/michaeliskirche\/wp-content\/uploads\/2024\/02\/Putz-2048x2048.jpg 2048w\" sizes=\"auto, (max-width: 1024px) 100vw, 1024px\" \/><figcaption class=\"wp-element-caption\">gro\u00dffl\u00e4chige Putzsch\u00e4den<\/figcaption><\/figure>\n<\/figure>\n\n\n\n<p><\/p>\n\n\n\n<p>Einen R\u00fcckblick auf den 1. Bauabschnitt und einen kleinen Ausblick auf den 2. Bauabschnitt der Innensanierung bietet das Extrablatt aus dem Fr\u00fchjahr 2026:<\/p>\n\n\n\n<div data-wp-interactive=\"core\/file\" class=\"wp-block-file\"><object data-wp-bind--hidden=\"!state.hasPdfPreview\" hidden class=\"wp-block-file__embed\" data=\"https:\/\/sanierung.michaelis-friedens.de\/michaeliskirche\/wp-content\/uploads\/2026\/04\/2026-02-28-Extrablatt-erster-BA.pdf\" type=\"application\/pdf\" style=\"width:100%;height:1070px\" aria-label=\"Einbettung von 2026-02-28 Extrablatt erster BA.\"><\/object><a id=\"wp-block-file--media-15edf4f3-fc27-408f-99be-9bb7ac41fb23\" href=\"https:\/\/sanierung.michaelis-friedens.de\/michaeliskirche\/wp-content\/uploads\/2026\/04\/2026-02-28-Extrablatt-erster-BA.pdf\">2026-02-28 Extrablatt erster BA<\/a><a href=\"https:\/\/sanierung.michaelis-friedens.de\/michaeliskirche\/wp-content\/uploads\/2026\/04\/2026-02-28-Extrablatt-erster-BA.pdf\" class=\"wp-block-file__button wp-element-button\" download aria-describedby=\"wp-block-file--media-15edf4f3-fc27-408f-99be-9bb7ac41fb23\">Herunterladen<\/a><\/div>\n\n\n\n<p><\/p>\n","protected":false},"excerpt":{"rendered":"<p>Von Juli 2023 bis Ende 2025 werden in einem 1. Bauabschnitt die beiden Seitenschiffe, das Mittelschiff, die Brauthalle und die vier Treppenh\u00e4user innen saniert. Der 2. Bauabschnitt mit Altarraum, Sakristei und Kapellen, Orgelempore sowie Orgel <a class=\"more-link\" href=\"https:\/\/sanierung.michaelis-friedens.de\/michaeliskirche\/innensanierung-ab-2023\/\">Weiterlesen\u00a0\u2026<\/a><\/p>\n","protected":false},"author":2,"featured_media":0,"parent":0,"menu_order":0,"comment_status":"closed","ping_status":"closed","template":"","meta":{"footnotes":""},"class_list":["post-29","page","type-page","status-publish","hentry"],"_links":{"self":[{"href":"https:\/\/sanierung.michaelis-friedens.de\/michaeliskirche\/wp-json\/wp\/v2\/pages\/29","targetHints":{"allow":["GET"]}}],"collection":[{"href":"https:\/\/sanierung.michaelis-friedens.de\/michaeliskirche\/wp-json\/wp\/v2\/pages"}],"about":[{"href":"https:\/\/sanierung.michaelis-friedens.de\/michaeliskirche\/wp-json\/wp\/v2\/types\/page"}],"author":[{"embeddable":true,"href":"https:\/\/sanierung.michaelis-friedens.de\/michaeliskirche\/wp-json\/wp\/v2\/users\/2"}],"replies":[{"embeddable":true,"href":"https:\/\/sanierung.michaelis-friedens.de\/michaeliskirche\/wp-json\/wp\/v2\/comments?post=29"}],"version-history":[{"count":11,"href":"https:\/\/sanierung.michaelis-friedens.de\/michaeliskirche\/wp-json\/wp\/v2\/pages\/29\/revisions"}],"predecessor-version":[{"id":541,"href":"https:\/\/sanierung.michaelis-friedens.de\/michaeliskirche\/wp-json\/wp\/v2\/pages\/29\/revisions\/541"}],"wp:attachment":[{"href":"https:\/\/sanierung.michaelis-friedens.de\/michaeliskirche\/wp-json\/wp\/v2\/media?parent=29"}],"curies":[{"name":"wp","href":"https:\/\/api.w.org\/{rel}","templated":true}]}}