{"id":21,"date":"2024-02-22T10:00:21","date_gmt":"2024-02-22T09:00:21","guid":{"rendered":"https:\/\/sanierung.michaelis-friedens.de\/michaeliskirche\/?page_id=21"},"modified":"2024-02-24T21:02:49","modified_gmt":"2024-02-24T20:02:49","slug":"foerderverein-michaelis-kirche-e-v","status":"publish","type":"page","link":"https:\/\/sanierung.michaelis-friedens.de\/michaeliskirche\/foerderverein-michaelis-kirche-e-v\/","title":{"rendered":"F\u00f6rderverein Michaelis-Kirche e.V."},"content":{"rendered":"<p>Die Michaeliskirche bedarf einer grundlegenden Renovierung. Die Kosten daf\u00fcr werden teilweise durch \u00f6ffentliche Zusch\u00fcsse gedeckt, m\u00fcssen aber durch Eigenmittel erg\u00e4nzt werden. Diese Gelder zu sammeln, ist die Hauptaufgabe des F\u00f6rdervereins. Zudem informiert der F\u00f6rderverein die \u00d6ffentlichkeit \u00fcber die notwendige Sanierung.<\/p>\n<p>In der Vergangenheit hat der F\u00f6rderverein u. a. bereits folgende Bauma\u00dfnahmen in bzw. an der Michaeliskirche unterst\u00fctzt:<\/p>\n<ul>\n<li>Turmsanierung<\/li>\n<li>Restaurierung der Sauer-Orgel<\/li>\n<li>Einbau einer Holzpelletheizung<\/li>\n<li>Ausbau des Kirchkellers<\/li>\n<li>Renovierung von zwei Treppenh\u00e4usern<\/li>\n<li>Sanierung der Fenster<\/li>\n<\/ul>\n<hr \/>\n<p>Hier finden Sie die Kontoverbindung des F\u00f6rdervereins der Michaeliskirche:<\/p>\n<p>F\u00f6rderverein Michaelis-Kirche e.V.<br \/>Evangelische Bank Kassel<br \/>IBAN: DE 55 5206 0410 0005 0062 52<\/p>\n\n\n<p>Die Webseite des F\u00f6rdervereins der Michaeliskirche finden Sie hier:<\/p>\n\n\n\n<p><strong><a rel=\"noreferrer noopener\" href=\"https:\/\/www.michaeliskirche.info\" target=\"_blank\">www.michaeliskirche.info<\/a><\/strong><\/p>\n\n\n<div class=\"wp-block-image\">\n<figure class=\"aligncenter size-large is-resized\"><img decoding=\"async\" src=\"https:\/\/www.michaelis-friedens.de\/eh7p9u4qn4\/wp-content\/uploads\/2021\/04\/Miki-Postkarten-9-Kopie-640x902.jpg\" alt=\"\" class=\"wp-image-27977\" style=\"width:500px\"\/><\/figure>\n<\/div>\n\n\n<p><\/p>\n","protected":false},"excerpt":{"rendered":"<p>Die Michaeliskirche bedarf einer grundlegenden Renovierung. Die Kosten daf\u00fcr werden teilweise durch \u00f6ffentliche Zusch\u00fcsse gedeckt, m\u00fcssen aber durch Eigenmittel erg\u00e4nzt werden. Diese Gelder zu sammeln, ist die Hauptaufgabe des F\u00f6rdervereins. Zudem informiert der F\u00f6rderverein die <a class=\"more-link\" href=\"https:\/\/sanierung.michaelis-friedens.de\/michaeliskirche\/foerderverein-michaelis-kirche-e-v\/\">Weiterlesen\u00a0\u2026<\/a><\/p>\n","protected":false},"author":3,"featured_media":0,"parent":0,"menu_order":0,"comment_status":"closed","ping_status":"closed","template":"","meta":{"footnotes":""},"class_list":["post-21","page","type-page","status-publish","hentry"],"_links":{"self":[{"href":"https:\/\/sanierung.michaelis-friedens.de\/michaeliskirche\/wp-json\/wp\/v2\/pages\/21","targetHints":{"allow":["GET"]}}],"collection":[{"href":"https:\/\/sanierung.michaelis-friedens.de\/michaeliskirche\/wp-json\/wp\/v2\/pages"}],"about":[{"href":"https:\/\/sanierung.michaelis-friedens.de\/michaeliskirche\/wp-json\/wp\/v2\/types\/page"}],"author":[{"embeddable":true,"href":"https:\/\/sanierung.michaelis-friedens.de\/michaeliskirche\/wp-json\/wp\/v2\/users\/3"}],"replies":[{"embeddable":true,"href":"https:\/\/sanierung.michaelis-friedens.de\/michaeliskirche\/wp-json\/wp\/v2\/comments?post=21"}],"version-history":[{"count":2,"href":"https:\/\/sanierung.michaelis-friedens.de\/michaeliskirche\/wp-json\/wp\/v2\/pages\/21\/revisions"}],"predecessor-version":[{"id":93,"href":"https:\/\/sanierung.michaelis-friedens.de\/michaeliskirche\/wp-json\/wp\/v2\/pages\/21\/revisions\/93"}],"wp:attachment":[{"href":"https:\/\/sanierung.michaelis-friedens.de\/michaeliskirche\/wp-json\/wp\/v2\/media?parent=21"}],"curies":[{"name":"wp","href":"https:\/\/api.w.org\/{rel}","templated":true}]}}