{"id":2,"date":"2023-11-26T23:22:34","date_gmt":"2023-11-26T22:22:34","guid":{"rendered":"http:\/\/sanierung.michaelis-friedens.de\/michaeliskirche\/?page_id=2"},"modified":"2025-12-08T10:52:29","modified_gmt":"2025-12-08T09:52:29","slug":"beispiel-seite","status":"publish","type":"page","link":"https:\/\/sanierung.michaelis-friedens.de\/michaeliskirche\/","title":{"rendered":"Sanierung der Michaeliskirche"},"content":{"rendered":"\n<h4 class=\"wp-block-heading\"><strong>Der neue Sanierungsfilm<\/strong>:<\/h4>\n\n\n\n<p><iframe loading=\"lazy\" width=\"640\" height=\"360\" src=\"https:\/\/www.youtube.com\/embed\/KpOx6gKf4IM\" title=\"Michaelis Kirche in Leipzig:  Sanierung schreitet schnell vorran\" frameborder=\"0\" allow=\"accelerometer; autoplay; clipboard-write; encrypted-media; gyroscope; picture-in-picture; web-share\" referrerpolicy=\"strict-origin-when-cross-origin\" allowfullscreen=\"\"><\/iframe><\/p>\n\n\n\n<hr class=\"wp-block-separator has-alpha-channel-opacity\"\/>\n\n\n\n<h4 class=\"wp-block-heading\">Aktuelle Bilder:<\/h4>\n\n\n\n<figure class=\"wp-block-gallery has-nested-images columns-3 is-cropped wp-block-gallery-1 is-layout-flex wp-block-gallery-is-layout-flex\">\n<figure class=\"wp-block-image size-full\"><img loading=\"lazy\" decoding=\"async\" width=\"1000\" height=\"750\" data-id=\"507\" src=\"https:\/\/sanierung.michaelis-friedens.de\/michaeliskirche\/wp-content\/uploads\/2025\/12\/20251205_130603.jpg\" alt=\"\" class=\"wp-image-507\" srcset=\"https:\/\/sanierung.michaelis-friedens.de\/michaeliskirche\/wp-content\/uploads\/2025\/12\/20251205_130603.jpg 1000w, https:\/\/sanierung.michaelis-friedens.de\/michaeliskirche\/wp-content\/uploads\/2025\/12\/20251205_130603-300x225.jpg 300w, https:\/\/sanierung.michaelis-friedens.de\/michaeliskirche\/wp-content\/uploads\/2025\/12\/20251205_130603-768x576.jpg 768w, https:\/\/sanierung.michaelis-friedens.de\/michaeliskirche\/wp-content\/uploads\/2025\/12\/20251205_130603-800x600.jpg 800w, https:\/\/sanierung.michaelis-friedens.de\/michaeliskirche\/wp-content\/uploads\/2025\/12\/20251205_130603-400x300.jpg 400w\" sizes=\"auto, (max-width: 1000px) 100vw, 1000px\" \/><figcaption class=\"wp-element-caption\">Brauthalle &#8211; aufgearbeitete Beschl\u00e4ge<\/figcaption><\/figure>\n\n\n\n<figure class=\"wp-block-image size-full\"><img loading=\"lazy\" decoding=\"async\" width=\"1000\" height=\"750\" data-id=\"514\" src=\"https:\/\/sanierung.michaelis-friedens.de\/michaeliskirche\/wp-content\/uploads\/2025\/12\/20251127_135122-1.jpg\" alt=\"\" class=\"wp-image-514\" srcset=\"https:\/\/sanierung.michaelis-friedens.de\/michaeliskirche\/wp-content\/uploads\/2025\/12\/20251127_135122-1.jpg 1000w, https:\/\/sanierung.michaelis-friedens.de\/michaeliskirche\/wp-content\/uploads\/2025\/12\/20251127_135122-1-300x225.jpg 300w, https:\/\/sanierung.michaelis-friedens.de\/michaeliskirche\/wp-content\/uploads\/2025\/12\/20251127_135122-1-768x576.jpg 768w, https:\/\/sanierung.michaelis-friedens.de\/michaeliskirche\/wp-content\/uploads\/2025\/12\/20251127_135122-1-800x600.jpg 800w, https:\/\/sanierung.michaelis-friedens.de\/michaeliskirche\/wp-content\/uploads\/2025\/12\/20251127_135122-1-400x300.jpg 400w\" sizes=\"auto, (max-width: 1000px) 100vw, 1000px\" \/><figcaption class=\"wp-element-caption\">Brauthalle &#8211; alte und aufgearbeitet Beschl\u00e4ge<\/figcaption><\/figure>\n\n\n\n<figure class=\"wp-block-image size-full is-style-default\"><img loading=\"lazy\" decoding=\"async\" width=\"1000\" height=\"750\" data-id=\"513\" src=\"https:\/\/sanierung.michaelis-friedens.de\/michaeliskirche\/wp-content\/uploads\/2025\/12\/20251125_130512-1.jpg\" alt=\"\" class=\"wp-image-513\" srcset=\"https:\/\/sanierung.michaelis-friedens.de\/michaeliskirche\/wp-content\/uploads\/2025\/12\/20251125_130512-1.jpg 1000w, https:\/\/sanierung.michaelis-friedens.de\/michaeliskirche\/wp-content\/uploads\/2025\/12\/20251125_130512-1-300x225.jpg 300w, https:\/\/sanierung.michaelis-friedens.de\/michaeliskirche\/wp-content\/uploads\/2025\/12\/20251125_130512-1-768x576.jpg 768w, https:\/\/sanierung.michaelis-friedens.de\/michaeliskirche\/wp-content\/uploads\/2025\/12\/20251125_130512-1-800x600.jpg 800w, https:\/\/sanierung.michaelis-friedens.de\/michaeliskirche\/wp-content\/uploads\/2025\/12\/20251125_130512-1-400x300.jpg 400w\" sizes=\"auto, (max-width: 1000px) 100vw, 1000px\" \/><figcaption class=\"wp-element-caption\">Treppenhaus &#8211; Fu\u00dfboden Aufarbeitung<\/figcaption><\/figure>\n\n\n\n<figure class=\"wp-block-image size-full\"><img loading=\"lazy\" decoding=\"async\" width=\"1000\" height=\"750\" data-id=\"441\" src=\"https:\/\/sanierung.michaelis-friedens.de\/michaeliskirche\/wp-content\/uploads\/2025\/04\/136-2025-03-21-Durchgang-Ost-letzte-Putzarbeiten-in-BA1.jpg\" alt=\"\" class=\"wp-image-441\" srcset=\"https:\/\/sanierung.michaelis-friedens.de\/michaeliskirche\/wp-content\/uploads\/2025\/04\/136-2025-03-21-Durchgang-Ost-letzte-Putzarbeiten-in-BA1.jpg 1000w, https:\/\/sanierung.michaelis-friedens.de\/michaeliskirche\/wp-content\/uploads\/2025\/04\/136-2025-03-21-Durchgang-Ost-letzte-Putzarbeiten-in-BA1-300x225.jpg 300w, https:\/\/sanierung.michaelis-friedens.de\/michaeliskirche\/wp-content\/uploads\/2025\/04\/136-2025-03-21-Durchgang-Ost-letzte-Putzarbeiten-in-BA1-768x576.jpg 768w, https:\/\/sanierung.michaelis-friedens.de\/michaeliskirche\/wp-content\/uploads\/2025\/04\/136-2025-03-21-Durchgang-Ost-letzte-Putzarbeiten-in-BA1-800x600.jpg 800w, https:\/\/sanierung.michaelis-friedens.de\/michaeliskirche\/wp-content\/uploads\/2025\/04\/136-2025-03-21-Durchgang-Ost-letzte-Putzarbeiten-in-BA1-400x300.jpg 400w\" sizes=\"auto, (max-width: 1000px) 100vw, 1000px\" \/><figcaption class=\"wp-element-caption\">Durchgang Ost &#8211; letzte Putzarbeiten im BA1<\/figcaption><\/figure>\n\n\n\n<figure class=\"wp-block-image size-full\"><img loading=\"lazy\" decoding=\"async\" width=\"1000\" height=\"750\" data-id=\"515\" src=\"https:\/\/sanierung.michaelis-friedens.de\/michaeliskirche\/wp-content\/uploads\/2025\/12\/20251127_142212-1.jpg\" alt=\"\" class=\"wp-image-515\" srcset=\"https:\/\/sanierung.michaelis-friedens.de\/michaeliskirche\/wp-content\/uploads\/2025\/12\/20251127_142212-1.jpg 1000w, https:\/\/sanierung.michaelis-friedens.de\/michaeliskirche\/wp-content\/uploads\/2025\/12\/20251127_142212-1-300x225.jpg 300w, https:\/\/sanierung.michaelis-friedens.de\/michaeliskirche\/wp-content\/uploads\/2025\/12\/20251127_142212-1-768x576.jpg 768w, https:\/\/sanierung.michaelis-friedens.de\/michaeliskirche\/wp-content\/uploads\/2025\/12\/20251127_142212-1-800x600.jpg 800w, https:\/\/sanierung.michaelis-friedens.de\/michaeliskirche\/wp-content\/uploads\/2025\/12\/20251127_142212-1-400x300.jpg 400w\" sizes=\"auto, (max-width: 1000px) 100vw, 1000px\" \/><figcaption class=\"wp-element-caption\">Ostkapelle &#8211; Neu Zugangsm\u00f6glichkeit<\/figcaption><\/figure>\n\n\n\n<figure class=\"wp-block-image size-full\"><img loading=\"lazy\" decoding=\"async\" width=\"1000\" height=\"750\" data-id=\"516\" src=\"https:\/\/sanierung.michaelis-friedens.de\/michaeliskirche\/wp-content\/uploads\/2025\/12\/20251205_131458-1.jpg\" alt=\"\" class=\"wp-image-516\" srcset=\"https:\/\/sanierung.michaelis-friedens.de\/michaeliskirche\/wp-content\/uploads\/2025\/12\/20251205_131458-1.jpg 1000w, https:\/\/sanierung.michaelis-friedens.de\/michaeliskirche\/wp-content\/uploads\/2025\/12\/20251205_131458-1-300x225.jpg 300w, https:\/\/sanierung.michaelis-friedens.de\/michaeliskirche\/wp-content\/uploads\/2025\/12\/20251205_131458-1-768x576.jpg 768w, https:\/\/sanierung.michaelis-friedens.de\/michaeliskirche\/wp-content\/uploads\/2025\/12\/20251205_131458-1-800x600.jpg 800w, https:\/\/sanierung.michaelis-friedens.de\/michaeliskirche\/wp-content\/uploads\/2025\/12\/20251205_131458-1-400x300.jpg 400w\" sizes=\"auto, (max-width: 1000px) 100vw, 1000px\" \/><figcaption class=\"wp-element-caption\">WC &#8211; barrierefrei T\u00fcr und W\u00e4nde Neu<\/figcaption><\/figure>\n\n\n\n<figure class=\"wp-block-image size-full\"><img loading=\"lazy\" decoding=\"async\" width=\"1000\" height=\"750\" data-id=\"477\" src=\"https:\/\/sanierung.michaelis-friedens.de\/michaeliskirche\/wp-content\/uploads\/2025\/08\/20250512_213901.jpg\" alt=\"\" class=\"wp-image-477\" srcset=\"https:\/\/sanierung.michaelis-friedens.de\/michaeliskirche\/wp-content\/uploads\/2025\/08\/20250512_213901.jpg 1000w, https:\/\/sanierung.michaelis-friedens.de\/michaeliskirche\/wp-content\/uploads\/2025\/08\/20250512_213901-300x225.jpg 300w, https:\/\/sanierung.michaelis-friedens.de\/michaeliskirche\/wp-content\/uploads\/2025\/08\/20250512_213901-768x576.jpg 768w, https:\/\/sanierung.michaelis-friedens.de\/michaeliskirche\/wp-content\/uploads\/2025\/08\/20250512_213901-800x600.jpg 800w, https:\/\/sanierung.michaelis-friedens.de\/michaeliskirche\/wp-content\/uploads\/2025\/08\/20250512_213901-400x300.jpg 400w\" sizes=\"auto, (max-width: 1000px) 100vw, 1000px\" \/><figcaption class=\"wp-element-caption\">Treppenh\u00e4user &#8211; Neue Beleuchtung<\/figcaption><\/figure>\n<\/figure>\n\n\n\n<p><\/p>\n\n\n\n<p>Weitere Informationen zu den Sanierungsarbeiten finden Sie in unserer Gemeinde-App <a href=\"https:\/\/app.meinegemeinde.digital\/organization\/michaelis-friedens.meinegemeinde.digital\/\">hier<\/a>.<\/p>\n\n\n\n<hr class=\"wp-block-separator has-alpha-channel-opacity\"\/>\n\n\n\n<h4 class=\"wp-block-heading\"><strong>Die geplante Sanierung der Michaeliskirche im Film<\/strong><br><strong>des F\u00f6rdervereins Michaelis-Kirche e.V. vorgestellt:<\/strong><\/h4>\n\n\n\n<iframe loading=\"lazy\" src=\"https:\/\/player.vimeo.com\/video\/508156520?h=e456310d7e&#038;loop=1\" width=\"640\" height=\"360\" frameborder=\"0\" allow=\"autoplay; fullscreen; picture-in-picture\" allowfullscreen><\/iframe>\n<p><a href=\"https:\/\/vimeo.com\/508156520\">Imagefilm_Sanierung Michaeliskirche<\/a> from <a href=\"https:\/\/vimeo.com\/user122758304\">Sebastian Kuhn<\/a> on <a href=\"https:\/\/vimeo.com\">Vimeo<\/a>.<\/p>\n\n\n\n<hr class=\"wp-block-separator has-alpha-channel-opacity\"\/>\n\n\n\n<p>Am 10. Juni 1904 wurde die Michaeliskirche geweiht. Bis auf die Fenster und die ausgebauten Bankreihen unter den Seitenemporen ist die Kirche im Wesentlichen vollst\u00e4ndig im Ursprungszustand erhalten. In den \u00fcber hundert Jahren ihres Bestehens wurden immer wieder behutsame Renovierungsma\u00dfnahmen durchgef\u00fchrt. Aber der Zahn der Zeit nagt weiter am Geb\u00e4ude und so sind wieder einige umfangreiche Arbeiten innen und au\u00dfen notwendig, um das Gesamtkunstwerk Michaeliskirche zu erhalten.<\/p>\n\n\n\n<p>Die Au\u00dfensanierung konnte im Sommer 2023 abgeschlossen werden. Direkt im Anschluss begannen die Sanierungsma\u00dfnahmen im Inneren der Michaeliskirche.<\/p>\n\n\n\n<p class=\"has-text-align-left\">Die Gesamtkosten f\u00fcr die bereits durchgef\u00fchrten und noch geplanten Sanierungsma\u00dfnahmen belaufen sich auf ca. 2,9 Mio. \u20ac. Neben F\u00f6rderm\u00f6glichkeiten durch die Landeskirche Sachsens und aus Mitteln des Denkmalschutzes werden Eigenmittel von der Gemeinde in H\u00f6he von ca. 450.000 \u20ac ben\u00f6tig, die nicht aus den vorhandenen Reserven gedeckt werden k\u00f6nnen.<\/p>\n\n\n\n<p class=\"has-text-align-left\"><strong><a href=\"https:\/\/sanierung.michaelis-friedens.de\/michaeliskirche\/aussensanierung-2021-2023\/\">Au\u00dfensanierung (2021-2023)<\/a><\/strong><\/p>\n\n\n\n<p><strong><a href=\"https:\/\/sanierung.michaelis-friedens.de\/michaeliskirche\/innensanierung-ab-2023\/\">Innensanierung (ab 2023)<\/a><\/strong><\/p>\n\n\n\n<p><strong><a href=\"https:\/\/sanierung.michaelis-friedens.de\/michaeliskirche\/stand-der-sanierung\/\">Chronik der Sanierung<\/a><\/strong><\/p>\n\n\n\n<p><strong><a href=\"https:\/\/sanierung.michaelis-friedens.de\/michaeliskirche\/foerderung\/\">Spenden und F\u00f6rderung<\/a><\/strong><\/p>\n\n\n\n<p><strong><a href=\"https:\/\/sanierung.michaelis-friedens.de\/michaeliskirche\/tag-des-offenen-denkmals\/\">Tag des offenen Denkmals<\/a><\/strong><\/p>\n\n\n\n<p><strong><a href=\"https:\/\/sanierung.michaelis-friedens.de\/michaeliskirche\/gohliser-adventskalender\/\">Gohliser Adventskalender<\/a><\/strong><\/p>\n\n\n\n<p><strong><a href=\"https:\/\/sanierung.michaelis-friedens.de\/michaeliskirche\/arbeitsgruppe-sanierung-der-michaeliskirche\/\">Arbeitsgruppe &#8222;Sanierung der Michealiskirche&#8220;<\/a><\/strong><\/p>\n\n\n\n<p><strong><a href=\"https:\/\/sanierung.michaelis-friedens.de\/michaeliskirche\/archiv-sanierung\/\">Archiv<\/a><\/strong><\/p>\n","protected":false},"excerpt":{"rendered":"<p>Der neue Sanierungsfilm: Aktuelle Bilder: Weitere Informationen zu den Sanierungsarbeiten finden Sie in unserer Gemeinde-App hier. Die geplante Sanierung der Michaeliskirche im Filmdes F\u00f6rdervereins Michaelis-Kirche e.V. vorgestellt: Imagefilm_Sanierung Michaeliskirche from Sebastian Kuhn on Vimeo. Am <a class=\"more-link\" href=\"https:\/\/sanierung.michaelis-friedens.de\/michaeliskirche\/\">Weiterlesen\u00a0\u2026<\/a><\/p>\n","protected":false},"author":1,"featured_media":0,"parent":0,"menu_order":0,"comment_status":"closed","ping_status":"open","template":"","meta":{"footnotes":""},"class_list":["post-2","page","type-page","status-publish","hentry"],"_links":{"self":[{"href":"https:\/\/sanierung.michaelis-friedens.de\/michaeliskirche\/wp-json\/wp\/v2\/pages\/2","targetHints":{"allow":["GET"]}}],"collection":[{"href":"https:\/\/sanierung.michaelis-friedens.de\/michaeliskirche\/wp-json\/wp\/v2\/pages"}],"about":[{"href":"https:\/\/sanierung.michaelis-friedens.de\/michaeliskirche\/wp-json\/wp\/v2\/types\/page"}],"author":[{"embeddable":true,"href":"https:\/\/sanierung.michaelis-friedens.de\/michaeliskirche\/wp-json\/wp\/v2\/users\/1"}],"replies":[{"embeddable":true,"href":"https:\/\/sanierung.michaelis-friedens.de\/michaeliskirche\/wp-json\/wp\/v2\/comments?post=2"}],"version-history":[{"count":87,"href":"https:\/\/sanierung.michaelis-friedens.de\/michaeliskirche\/wp-json\/wp\/v2\/pages\/2\/revisions"}],"predecessor-version":[{"id":517,"href":"https:\/\/sanierung.michaelis-friedens.de\/michaeliskirche\/wp-json\/wp\/v2\/pages\/2\/revisions\/517"}],"wp:attachment":[{"href":"https:\/\/sanierung.michaelis-friedens.de\/michaeliskirche\/wp-json\/wp\/v2\/media?parent=2"}],"curies":[{"name":"wp","href":"https:\/\/api.w.org\/{rel}","templated":true}]}}